{"id":9,"date":"2022-02-01T11:26:58","date_gmt":"2022-02-01T10:26:58","guid":{"rendered":"https:\/\/eurobauerholding.com\/cz\/?page_id=9"},"modified":"2023-10-05T12:02:05","modified_gmt":"2023-10-05T10:02:05","slug":"management","status":"publish","type":"page","link":"https:\/\/eurobauerholding.com\/cz\/management\/","title":{"rendered":"Management"},"content":{"rendered":"<p>[et_pb_section fb_built=&#8220;1&#8243; _builder_version=&#8220;4.16&#8243; _module_preset=&#8220;default&#8220; global_colors_info=&#8220;{}&#8220;][\/et_pb_section][et_pb_section fb_built=&#8220;1&#8243; _builder_version=&#8220;4.16&#8243; _module_preset=&#8220;default&#8220; global_colors_info=&#8220;{}&#8220;][et_pb_row _builder_version=&#8220;4.16&#8243; _module_preset=&#8220;default&#8220; width=&#8220;90%&#8220; global_colors_info=&#8220;{}&#8220;][et_pb_column type=&#8220;4_4&#8243; _builder_version=&#8220;4.16&#8243; _module_preset=&#8220;default&#8220; global_colors_info=&#8220;{}&#8220;][et_pb_text _builder_version=&#8220;4.16&#8243; _module_preset=&#8220;default&#8220; header_font=&#8220;Raleway|800||on|||||&#8220; header_text_align=&#8220;center&#8220; header_text_color=&#8220;#000000&#8243; header_font_size=&#8220;37px&#8220; header_letter_spacing=&#8220;2px&#8220; header_line_height=&#8220;1.2em&#8220; global_colors_info=&#8220;{}&#8220;]<\/p>\n<h1>Management<\/h1>\n<p>[\/et_pb_text][et_pb_text _builder_version=&#8220;4.16&#8243; _module_preset=&#8220;default&#8220; text_font=&#8220;Raleway|700||on|||||&#8220; text_text_color=&#8220;#d5b16f&#8220; text_letter_spacing=&#8220;6px&#8220; text_orientation=&#8220;center&#8220; global_colors_info=&#8220;{}&#8220;]<\/p>\n<p>KAROL gr\u00fa\u0148<\/p>\n<p>[\/et_pb_text][et_pb_image src=&#8220;https:\/\/eurobauerholding.com\/cz\/wp-content\/uploads\/2022\/02\/ciara-2.png&#8220; title_text=&#8220;\u010diara-2&#8243; align=&#8220;center&#8220; _builder_version=&#8220;4.16&#8243; _module_preset=&#8220;default&#8220; global_colors_info=&#8220;{}&#8220;][\/et_pb_image][\/et_pb_column][\/et_pb_row][et_pb_row column_structure=&#8220;1_3,2_3&#8243; _builder_version=&#8220;4.16&#8243; _module_preset=&#8220;default&#8220; width=&#8220;90%&#8220; global_colors_info=&#8220;{}&#8220;][et_pb_column type=&#8220;1_3&#8243; _builder_version=&#8220;4.16&#8243; _module_preset=&#8220;default&#8220; global_colors_info=&#8220;{}&#8220;][et_pb_image src=&#8220;https:\/\/eurobauerholding.com\/cz\/wp-content\/uploads\/2022\/02\/150-1.png&#8220; _builder_version=&#8220;4.20.2&#8243; _module_preset=&#8220;default&#8220; title_text=&#8220;150-1&#8243; animation_style=&#8220;fade&#8220; transform_styles__hover_enabled=&#8220;on|hover&#8220; transform_scale__hover_enabled=&#8220;on|hover&#8220; transform_translate__hover_enabled=&#8220;on|desktop&#8220; transform_rotate__hover_enabled=&#8220;on|desktop&#8220; transform_skew__hover_enabled=&#8220;on|desktop&#8220; transform_origin__hover_enabled=&#8220;on|desktop&#8220; hover_enabled=&#8220;0&#8243; sticky_enabled=&#8220;0&#8243; transform_scale__hover=&#8220;109%|109%&#8220;][\/et_pb_image][\/et_pb_column][et_pb_column type=&#8220;2_3&#8243; _builder_version=&#8220;4.16&#8243; _module_preset=&#8220;default&#8220; global_colors_info=&#8220;{}&#8220;][et_pb_text _builder_version=&#8220;4.20.2&#8243; _module_preset=&#8220;default&#8220; text_font=&#8220;Raleway||||||||&#8220; text_letter_spacing=&#8220;1px&#8220; text_orientation=&#8220;center&#8220; hover_enabled=&#8220;0&#8243; global_colors_info=&#8220;{}&#8220; sticky_enabled=&#8220;0&#8243;]<\/p>\n<p style=\"text-align: justify;\">Karol Gr\u00fa\u0148 je ve sv\u00e9 v\u00fdkonn\u00e9 funkci p\u0159edsedou p\u0159edstavenstva a gener\u00e1ln\u00edm \u0159editelem spole\u010dnosti.<br \/>Karol je v EBH zodpov\u011bdn\u00fd za strategii a kl\u00ed\u010dov\u00e1 rozhodnut\u00ed holdingu a jeho dce\u0159in\u00fdch spole\u010dnostech, kde zastupuje spole\u010dnosti v n\u011bkolika statut\u00e1rn\u00edch a dozor\u010d\u00edch org\u00e1nech.<\/p>\n<p style=\"text-align: justify;\">Karol je tak\u00e9 p\u0159edsedou p\u0159edstavenstva v hotelov\u00e9m a turistick\u00e9m holdingu Best Resorts Properties a.s. Holding zast\u0159e\u0161uje spole\u010dnosti ve st\u00e1tech EU, kter\u00e9 vlastn\u00ed a spravuj\u00ed hotelov\u00e9 a rekrea\u010dn\u00ed rozorty a nemovitosti p\u0159ev\u00e1\u017en\u011b ur\u010den\u00e9 na turismus. Mezi p\u0159edn\u00ed projekty holdingu BRP pat\u0159\u00ed i projekt Sankt Johannes v J\u00e1nsk\u00e9 dolin\u011b.<br \/>V neposledn\u00ed \u0159ad\u011b je Karol zodpov\u011bdn\u00fd za veden\u00ed spole\u010dnosti SiBET s.r.o., jej\u00edm\u017e p\u0159edm\u011btem je v\u00fdroba dekora\u010dn\u00edho obkladov\u00e9ho kamene. V sou\u010dasn\u00e9 dob\u011b Karol p\u0159ipravuje spole\u010dnost na r\u016fst a expanzi do v\u00edce st\u00e1t\u016f EU prost\u0159ednictv\u00edm zalo\u017een\u00ed nov\u00e9ho holdingu.<\/p>\n<p>[\/et_pb_text][et_pb_divider color=&#8220;#d5b16f&#8220; divider_weight=&#8220;2px&#8220; _builder_version=&#8220;4.20.2&#8243; _module_preset=&#8220;default&#8220; width=&#8220;18%&#8220; module_alignment=&#8220;left&#8220; hover_enabled=&#8220;0&#8243; global_colors_info=&#8220;{}&#8220; sticky_enabled=&#8220;0&#8243;][\/et_pb_divider][\/et_pb_column][\/et_pb_row][\/et_pb_section]<\/p>\n","protected":false},"excerpt":{"rendered":"<p>ManagementKAROL gr\u00fa\u0148Karol Gr\u00fa\u0148 je ve sv\u00e9 v\u00fdkonn\u00e9 funkci p\u0159edsedou p\u0159edstavenstva a gener\u00e1ln\u00edm \u0159editelem spole\u010dnosti.Karol je v EBH zodpov\u011bdn\u00fd za strategii a kl\u00ed\u010dov\u00e1 rozhodnut\u00ed holdingu a jeho dce\u0159in\u00fdch spole\u010dnostech, kde zastupuje spole\u010dnosti v n\u011bkolika statut\u00e1rn\u00edch a dozor\u010d\u00edch org\u00e1nech. Karol je tak\u00e9 p\u0159edsedou p\u0159edstavenstva v hotelov\u00e9m a turistick\u00e9m holdingu Best Resorts Properties a.s. Holding zast\u0159e\u0161uje spole\u010dnosti ve [&hellip;]<\/p>\n","protected":false},"author":1,"featured_media":0,"parent":0,"menu_order":0,"comment_status":"closed","ping_status":"closed","template":"","meta":{"_et_pb_use_builder":"on","_et_pb_old_content":"<!-- wp:divi\/placeholder \/-->","_et_gb_content_width":"","_mi_skip_tracking":false},"yoast_head":"<!-- This site is optimized with the Yoast SEO plugin v18.0 - https:\/\/yoast.com\/wordpress\/plugins\/seo\/ -->\n<title>Management - Euro Bauer Holding<\/title>\n<meta name=\"robots\" content=\"index, follow, max-snippet:-1, max-image-preview:large, max-video-preview:-1\" \/>\n<link rel=\"canonical\" href=\"https:\/\/eurobauerholding.com\/cz\/management\/\" \/>\n<meta property=\"og:locale\" content=\"sk_SK\" \/>\n<meta property=\"og:type\" content=\"article\" \/>\n<meta property=\"og:title\" content=\"Management - Euro Bauer Holding\" \/>\n<meta property=\"og:description\" content=\"ManagementKAROL gr\u00fa\u0148Karol Gr\u00fa\u0148 je ve sv\u00e9 v\u00fdkonn\u00e9 funkci p\u0159edsedou p\u0159edstavenstva a gener\u00e1ln\u00edm \u0159editelem spole\u010dnosti.Karol je v EBH zodpov\u011bdn\u00fd za strategii a kl\u00ed\u010dov\u00e1 rozhodnut\u00ed holdingu a jeho dce\u0159in\u00fdch spole\u010dnostech, kde zastupuje spole\u010dnosti v n\u011bkolika statut\u00e1rn\u00edch a dozor\u010d\u00edch org\u00e1nech. Karol je tak\u00e9 p\u0159edsedou p\u0159edstavenstva v hotelov\u00e9m a turistick\u00e9m holdingu Best Resorts Properties a.s. Holding zast\u0159e\u0161uje spole\u010dnosti ve [&hellip;]\" \/>\n<meta property=\"og:url\" content=\"https:\/\/eurobauerholding.com\/cz\/management\/\" \/>\n<meta property=\"og:site_name\" content=\"Euro Bauer Holding\" \/>\n<meta property=\"article:modified_time\" content=\"2023-10-05T10:02:05+00:00\" \/>\n<meta name=\"twitter:card\" content=\"summary_large_image\" \/>\n<meta name=\"twitter:label1\" content=\"Predpokladan\u00fd \u010das \u010d\u00edtania\" \/>\n\t<meta name=\"twitter:data1\" content=\"1 min\u00fata\" \/>\n<script type=\"application\/ld+json\" class=\"yoast-schema-graph\">{\"@context\":\"https:\/\/schema.org\",\"@graph\":[{\"@type\":\"WebSite\",\"@id\":\"https:\/\/eurobauerholding.com\/cz\/#website\",\"url\":\"https:\/\/eurobauerholding.com\/cz\/\",\"name\":\"Euro Bauer Holding\",\"description\":\"Len \u010fal\u0161ia WordPress str\u00e1nka\",\"potentialAction\":[{\"@type\":\"SearchAction\",\"target\":{\"@type\":\"EntryPoint\",\"urlTemplate\":\"https:\/\/eurobauerholding.com\/cz\/?s={search_term_string}\"},\"query-input\":\"required name=search_term_string\"}],\"inLanguage\":\"sk-SK\"},{\"@type\":\"WebPage\",\"@id\":\"https:\/\/eurobauerholding.com\/cz\/management\/#webpage\",\"url\":\"https:\/\/eurobauerholding.com\/cz\/management\/\",\"name\":\"Management - Euro Bauer Holding\",\"isPartOf\":{\"@id\":\"https:\/\/eurobauerholding.com\/cz\/#website\"},\"datePublished\":\"2022-02-01T10:26:58+00:00\",\"dateModified\":\"2023-10-05T10:02:05+00:00\",\"breadcrumb\":{\"@id\":\"https:\/\/eurobauerholding.com\/cz\/management\/#breadcrumb\"},\"inLanguage\":\"sk-SK\",\"potentialAction\":[{\"@type\":\"ReadAction\",\"target\":[\"https:\/\/eurobauerholding.com\/cz\/management\/\"]}]},{\"@type\":\"BreadcrumbList\",\"@id\":\"https:\/\/eurobauerholding.com\/cz\/management\/#breadcrumb\",\"itemListElement\":[{\"@type\":\"ListItem\",\"position\":1,\"name\":\"Home\",\"item\":\"https:\/\/eurobauerholding.com\/cz\/\"},{\"@type\":\"ListItem\",\"position\":2,\"name\":\"Management\"}]}]}<\/script>\n<!-- \/ Yoast SEO plugin. -->","yoast_head_json":{"title":"Management - Euro Bauer Holding","robots":{"index":"index","follow":"follow","max-snippet":"max-snippet:-1","max-image-preview":"max-image-preview:large","max-video-preview":"max-video-preview:-1"},"canonical":"https:\/\/eurobauerholding.com\/cz\/management\/","og_locale":"sk_SK","og_type":"article","og_title":"Management - Euro Bauer Holding","og_description":"ManagementKAROL gr\u00fa\u0148Karol Gr\u00fa\u0148 je ve sv\u00e9 v\u00fdkonn\u00e9 funkci p\u0159edsedou p\u0159edstavenstva a gener\u00e1ln\u00edm \u0159editelem spole\u010dnosti.Karol je v EBH zodpov\u011bdn\u00fd za strategii a kl\u00ed\u010dov\u00e1 rozhodnut\u00ed holdingu a jeho dce\u0159in\u00fdch spole\u010dnostech, kde zastupuje spole\u010dnosti v n\u011bkolika statut\u00e1rn\u00edch a dozor\u010d\u00edch org\u00e1nech. Karol je tak\u00e9 p\u0159edsedou p\u0159edstavenstva v hotelov\u00e9m a turistick\u00e9m holdingu Best Resorts Properties a.s. Holding zast\u0159e\u0161uje spole\u010dnosti ve [&hellip;]","og_url":"https:\/\/eurobauerholding.com\/cz\/management\/","og_site_name":"Euro Bauer Holding","article_modified_time":"2023-10-05T10:02:05+00:00","twitter_card":"summary_large_image","twitter_misc":{"Predpokladan\u00fd \u010das \u010d\u00edtania":"1 min\u00fata"},"schema":{"@context":"https:\/\/schema.org","@graph":[{"@type":"WebSite","@id":"https:\/\/eurobauerholding.com\/cz\/#website","url":"https:\/\/eurobauerholding.com\/cz\/","name":"Euro Bauer Holding","description":"Len \u010fal\u0161ia WordPress str\u00e1nka","potentialAction":[{"@type":"SearchAction","target":{"@type":"EntryPoint","urlTemplate":"https:\/\/eurobauerholding.com\/cz\/?s={search_term_string}"},"query-input":"required name=search_term_string"}],"inLanguage":"sk-SK"},{"@type":"WebPage","@id":"https:\/\/eurobauerholding.com\/cz\/management\/#webpage","url":"https:\/\/eurobauerholding.com\/cz\/management\/","name":"Management - Euro Bauer Holding","isPartOf":{"@id":"https:\/\/eurobauerholding.com\/cz\/#website"},"datePublished":"2022-02-01T10:26:58+00:00","dateModified":"2023-10-05T10:02:05+00:00","breadcrumb":{"@id":"https:\/\/eurobauerholding.com\/cz\/management\/#breadcrumb"},"inLanguage":"sk-SK","potentialAction":[{"@type":"ReadAction","target":["https:\/\/eurobauerholding.com\/cz\/management\/"]}]},{"@type":"BreadcrumbList","@id":"https:\/\/eurobauerholding.com\/cz\/management\/#breadcrumb","itemListElement":[{"@type":"ListItem","position":1,"name":"Home","item":"https:\/\/eurobauerholding.com\/cz\/"},{"@type":"ListItem","position":2,"name":"Management"}]}]}},"_links":{"self":[{"href":"https:\/\/eurobauerholding.com\/cz\/wp-json\/wp\/v2\/pages\/9"}],"collection":[{"href":"https:\/\/eurobauerholding.com\/cz\/wp-json\/wp\/v2\/pages"}],"about":[{"href":"https:\/\/eurobauerholding.com\/cz\/wp-json\/wp\/v2\/types\/page"}],"author":[{"embeddable":true,"href":"https:\/\/eurobauerholding.com\/cz\/wp-json\/wp\/v2\/users\/1"}],"replies":[{"embeddable":true,"href":"https:\/\/eurobauerholding.com\/cz\/wp-json\/wp\/v2\/comments?post=9"}],"version-history":[{"count":6,"href":"https:\/\/eurobauerholding.com\/cz\/wp-json\/wp\/v2\/pages\/9\/revisions"}],"predecessor-version":[{"id":259139,"href":"https:\/\/eurobauerholding.com\/cz\/wp-json\/wp\/v2\/pages\/9\/revisions\/259139"}],"wp:attachment":[{"href":"https:\/\/eurobauerholding.com\/cz\/wp-json\/wp\/v2\/media?parent=9"}],"curies":[{"name":"wp","href":"https:\/\/api.w.org\/{rel}","templated":true}]}}