{"id":6,"date":"2022-02-01T11:26:09","date_gmt":"2022-02-01T10:26:09","guid":{"rendered":"https:\/\/eurobauerholding.com\/cz\/?page_id=6"},"modified":"2023-03-24T14:06:49","modified_gmt":"2023-03-24T13:06:49","slug":"o-holdingu","status":"publish","type":"page","link":"https:\/\/eurobauerholding.com\/cz\/o-holdingu\/","title":{"rendered":"O holdingu"},"content":{"rendered":"<p>[et_pb_section fb_built=&#8220;1&#8243; _builder_version=&#8220;4.14.7&#8243; _module_preset=&#8220;default&#8220; global_colors_info=&#8220;{}&#8220;][\/et_pb_section][et_pb_section fb_built=&#8220;1&#8243; _builder_version=&#8220;4.14.7&#8243; _module_preset=&#8220;default&#8220; global_colors_info=&#8220;{}&#8220;][et_pb_row _builder_version=&#8220;4.14.7&#8243; _module_preset=&#8220;default&#8220; width=&#8220;90%&#8220; global_colors_info=&#8220;{}&#8220;][et_pb_column type=&#8220;4_4&#8243; _builder_version=&#8220;4.14.7&#8243; _module_preset=&#8220;default&#8220; global_colors_info=&#8220;{}&#8220;][et_pb_text _builder_version=&#8220;4.14.7&#8243; _module_preset=&#8220;default&#8220; header_font=&#8220;Raleway|800||on|||||&#8220; header_text_align=&#8220;center&#8220; header_text_color=&#8220;#000000&#8243; header_font_size=&#8220;37px&#8220; header_letter_spacing=&#8220;2px&#8220; header_line_height=&#8220;1.2em&#8220; global_colors_info=&#8220;{}&#8220;]<\/p>\n<h1>O holdingu<\/h1>\n<p>[\/et_pb_text][et_pb_image src=&#8220;https:\/\/eurobauerholding.com\/cz\/wp-content\/uploads\/2022\/02\/ciara-2.png&#8220; title_text=&#8220;\u010diara-2&#8243; align=&#8220;center&#8220; _builder_version=&#8220;4.14.7&#8243; _module_preset=&#8220;default&#8220; global_colors_info=&#8220;{}&#8220;][\/et_pb_image][\/et_pb_column][\/et_pb_row][et_pb_row column_structure=&#8220;1_5,3_5,1_5&#8243; _builder_version=&#8220;4.14.7&#8243; _module_preset=&#8220;default&#8220; width=&#8220;90%&#8220; global_colors_info=&#8220;{}&#8220;][et_pb_column type=&#8220;1_5&#8243; _builder_version=&#8220;4.14.7&#8243; _module_preset=&#8220;default&#8220; global_colors_info=&#8220;{}&#8220;][\/et_pb_column][et_pb_column type=&#8220;3_5&#8243; _builder_version=&#8220;4.14.7&#8243; _module_preset=&#8220;default&#8220; global_colors_info=&#8220;{}&#8220;][et_pb_text _builder_version=&#8220;4.14.7&#8243; _module_preset=&#8220;default&#8220; text_font=&#8220;Raleway||||||||&#8220; text_letter_spacing=&#8220;1px&#8220; text_orientation=&#8220;center&#8220; hover_enabled=&#8220;0&#8243; global_colors_info=&#8220;{}&#8220; sticky_enabled=&#8220;0&#8243;]<\/p>\n<p>Euro Bauer Holding a.s. je vertik\u00e1ln\u011b integrovan\u00e1 realitn\u00ed utilita, pokr\u00fdvaj\u00edc\u00ed kompletn\u00ed hodnotov\u00fd \u0159et\u011bzec: od n\u00e1vrhu, p\u0159es v\u00fdstavbu a\u017e po prodej, pron\u00e1jem nebo spr\u00e1vu majetku. Jsme holding zast\u0159e\u0161uj\u00edc\u00ed soubor spole\u010dnosti p\u016fsob\u00edc\u00ed v nemovitostn\u00edm a realitn\u00edm segmentu.<br \/>\nNa\u0161e portfolio realitn\u00edch spole\u010dnost\u00ed zasahuje do st\u0159edoevropsk\u00e9 velikosti, kde na jedn\u00e9 stran\u011b zast\u0159e\u0161uje obytn\u00e9 a obchodn\u00ed realitn\u00ed projekty a na druh\u00e9 stran\u011b rekrea\u010dn\u00ed a pr\u016fmyslov\u00e9 projekty.<br \/>\nProst\u0159ednictv\u00edm na\u0161ich dce\u0159in\u00fdch spole\u010dnost\u00ed se sna\u017e\u00edme vlastnit a nab\u00edzet v\u00fdjime\u010dn\u00e9 nemovitosti s nad\u010dasovou architekturou.\n<\/p>\n<p>[\/et_pb_text][\/et_pb_column][et_pb_column type=&#8220;1_5&#8243; _builder_version=&#8220;4.14.7&#8243; _module_preset=&#8220;default&#8220; global_colors_info=&#8220;{}&#8220;][\/et_pb_column][\/et_pb_row][et_pb_row _builder_version=&#8220;4.14.7&#8243; _module_preset=&#8220;default&#8220; global_colors_info=&#8220;{}&#8220;][et_pb_column type=&#8220;4_4&#8243; _builder_version=&#8220;4.14.7&#8243; _module_preset=&#8220;default&#8220; global_colors_info=&#8220;{}&#8220;][et_pb_divider color=&#8220;#d5b16f&#8220; divider_weight=&#8220;2px&#8220; _builder_version=&#8220;4.14.7&#8243; _module_preset=&#8220;default&#8220; width=&#8220;18%&#8220; module_alignment=&#8220;center&#8220; global_colors_info=&#8220;{}&#8220;][\/et_pb_divider][\/et_pb_column][\/et_pb_row][\/et_pb_section]<\/p>\n","protected":false},"excerpt":{"rendered":"<p>O holdinguEuro Bauer Holding a.s. je vertik\u00e1ln\u011b integrovan\u00e1 realitn\u00ed utilita, pokr\u00fdvaj\u00edc\u00ed kompletn\u00ed hodnotov\u00fd \u0159et\u011bzec: od n\u00e1vrhu, p\u0159es v\u00fdstavbu a\u017e po prodej, pron\u00e1jem nebo spr\u00e1vu majetku. Jsme holding zast\u0159e\u0161uj\u00edc\u00ed soubor spole\u010dnosti p\u016fsob\u00edc\u00ed v nemovitostn\u00edm a realitn\u00edm segmentu. Na\u0161e portfolio realitn\u00edch spole\u010dnost\u00ed zasahuje do st\u0159edoevropsk\u00e9 velikosti, kde na jedn\u00e9 stran\u011b zast\u0159e\u0161uje obytn\u00e9 a obchodn\u00ed realitn\u00ed projekty a [&hellip;]<\/p>\n","protected":false},"author":1,"featured_media":0,"parent":0,"menu_order":0,"comment_status":"closed","ping_status":"closed","template":"","meta":{"_et_pb_use_builder":"on","_et_pb_old_content":"","_et_gb_content_width":"","_mi_skip_tracking":false},"yoast_head":"<!-- This site is optimized with the Yoast SEO plugin v18.0 - https:\/\/yoast.com\/wordpress\/plugins\/seo\/ -->\n<title>O holdingu - Euro Bauer Holding<\/title>\n<meta name=\"robots\" content=\"index, follow, max-snippet:-1, max-image-preview:large, max-video-preview:-1\" \/>\n<link rel=\"canonical\" href=\"https:\/\/eurobauerholding.com\/cz\/o-holdingu\/\" \/>\n<meta property=\"og:locale\" content=\"sk_SK\" \/>\n<meta property=\"og:type\" content=\"article\" \/>\n<meta property=\"og:title\" content=\"O holdingu - Euro Bauer Holding\" \/>\n<meta property=\"og:description\" content=\"O holdinguEuro Bauer Holding a.s. je vertik\u00e1ln\u011b integrovan\u00e1 realitn\u00ed utilita, pokr\u00fdvaj\u00edc\u00ed kompletn\u00ed hodnotov\u00fd \u0159et\u011bzec: od n\u00e1vrhu, p\u0159es v\u00fdstavbu a\u017e po prodej, pron\u00e1jem nebo spr\u00e1vu majetku. Jsme holding zast\u0159e\u0161uj\u00edc\u00ed soubor spole\u010dnosti p\u016fsob\u00edc\u00ed v nemovitostn\u00edm a realitn\u00edm segmentu. Na\u0161e portfolio realitn\u00edch spole\u010dnost\u00ed zasahuje do st\u0159edoevropsk\u00e9 velikosti, kde na jedn\u00e9 stran\u011b zast\u0159e\u0161uje obytn\u00e9 a obchodn\u00ed realitn\u00ed projekty a [&hellip;]\" \/>\n<meta property=\"og:url\" content=\"https:\/\/eurobauerholding.com\/cz\/o-holdingu\/\" \/>\n<meta property=\"og:site_name\" content=\"Euro Bauer Holding\" \/>\n<meta property=\"article:modified_time\" content=\"2023-03-24T13:06:49+00:00\" \/>\n<meta name=\"twitter:card\" content=\"summary_large_image\" \/>\n<meta name=\"twitter:label1\" content=\"Predpokladan\u00fd \u010das \u010d\u00edtania\" \/>\n\t<meta name=\"twitter:data1\" content=\"1 min\u00fata\" \/>\n<script type=\"application\/ld+json\" class=\"yoast-schema-graph\">{\"@context\":\"https:\/\/schema.org\",\"@graph\":[{\"@type\":\"WebSite\",\"@id\":\"https:\/\/eurobauerholding.com\/cz\/#website\",\"url\":\"https:\/\/eurobauerholding.com\/cz\/\",\"name\":\"Euro Bauer Holding\",\"description\":\"Len \u010fal\u0161ia WordPress str\u00e1nka\",\"potentialAction\":[{\"@type\":\"SearchAction\",\"target\":{\"@type\":\"EntryPoint\",\"urlTemplate\":\"https:\/\/eurobauerholding.com\/cz\/?s={search_term_string}\"},\"query-input\":\"required name=search_term_string\"}],\"inLanguage\":\"sk-SK\"},{\"@type\":\"WebPage\",\"@id\":\"https:\/\/eurobauerholding.com\/cz\/o-holdingu\/#webpage\",\"url\":\"https:\/\/eurobauerholding.com\/cz\/o-holdingu\/\",\"name\":\"O holdingu - Euro Bauer Holding\",\"isPartOf\":{\"@id\":\"https:\/\/eurobauerholding.com\/cz\/#website\"},\"datePublished\":\"2022-02-01T10:26:09+00:00\",\"dateModified\":\"2023-03-24T13:06:49+00:00\",\"breadcrumb\":{\"@id\":\"https:\/\/eurobauerholding.com\/cz\/o-holdingu\/#breadcrumb\"},\"inLanguage\":\"sk-SK\",\"potentialAction\":[{\"@type\":\"ReadAction\",\"target\":[\"https:\/\/eurobauerholding.com\/cz\/o-holdingu\/\"]}]},{\"@type\":\"BreadcrumbList\",\"@id\":\"https:\/\/eurobauerholding.com\/cz\/o-holdingu\/#breadcrumb\",\"itemListElement\":[{\"@type\":\"ListItem\",\"position\":1,\"name\":\"Home\",\"item\":\"https:\/\/eurobauerholding.com\/cz\/\"},{\"@type\":\"ListItem\",\"position\":2,\"name\":\"O holdingu\"}]}]}<\/script>\n<!-- \/ Yoast SEO plugin. -->","yoast_head_json":{"title":"O holdingu - Euro Bauer Holding","robots":{"index":"index","follow":"follow","max-snippet":"max-snippet:-1","max-image-preview":"max-image-preview:large","max-video-preview":"max-video-preview:-1"},"canonical":"https:\/\/eurobauerholding.com\/cz\/o-holdingu\/","og_locale":"sk_SK","og_type":"article","og_title":"O holdingu - Euro Bauer Holding","og_description":"O holdinguEuro Bauer Holding a.s. je vertik\u00e1ln\u011b integrovan\u00e1 realitn\u00ed utilita, pokr\u00fdvaj\u00edc\u00ed kompletn\u00ed hodnotov\u00fd \u0159et\u011bzec: od n\u00e1vrhu, p\u0159es v\u00fdstavbu a\u017e po prodej, pron\u00e1jem nebo spr\u00e1vu majetku. Jsme holding zast\u0159e\u0161uj\u00edc\u00ed soubor spole\u010dnosti p\u016fsob\u00edc\u00ed v nemovitostn\u00edm a realitn\u00edm segmentu. Na\u0161e portfolio realitn\u00edch spole\u010dnost\u00ed zasahuje do st\u0159edoevropsk\u00e9 velikosti, kde na jedn\u00e9 stran\u011b zast\u0159e\u0161uje obytn\u00e9 a obchodn\u00ed realitn\u00ed projekty a [&hellip;]","og_url":"https:\/\/eurobauerholding.com\/cz\/o-holdingu\/","og_site_name":"Euro Bauer Holding","article_modified_time":"2023-03-24T13:06:49+00:00","twitter_card":"summary_large_image","twitter_misc":{"Predpokladan\u00fd \u010das \u010d\u00edtania":"1 min\u00fata"},"schema":{"@context":"https:\/\/schema.org","@graph":[{"@type":"WebSite","@id":"https:\/\/eurobauerholding.com\/cz\/#website","url":"https:\/\/eurobauerholding.com\/cz\/","name":"Euro Bauer Holding","description":"Len \u010fal\u0161ia WordPress str\u00e1nka","potentialAction":[{"@type":"SearchAction","target":{"@type":"EntryPoint","urlTemplate":"https:\/\/eurobauerholding.com\/cz\/?s={search_term_string}"},"query-input":"required name=search_term_string"}],"inLanguage":"sk-SK"},{"@type":"WebPage","@id":"https:\/\/eurobauerholding.com\/cz\/o-holdingu\/#webpage","url":"https:\/\/eurobauerholding.com\/cz\/o-holdingu\/","name":"O holdingu - Euro Bauer Holding","isPartOf":{"@id":"https:\/\/eurobauerholding.com\/cz\/#website"},"datePublished":"2022-02-01T10:26:09+00:00","dateModified":"2023-03-24T13:06:49+00:00","breadcrumb":{"@id":"https:\/\/eurobauerholding.com\/cz\/o-holdingu\/#breadcrumb"},"inLanguage":"sk-SK","potentialAction":[{"@type":"ReadAction","target":["https:\/\/eurobauerholding.com\/cz\/o-holdingu\/"]}]},{"@type":"BreadcrumbList","@id":"https:\/\/eurobauerholding.com\/cz\/o-holdingu\/#breadcrumb","itemListElement":[{"@type":"ListItem","position":1,"name":"Home","item":"https:\/\/eurobauerholding.com\/cz\/"},{"@type":"ListItem","position":2,"name":"O holdingu"}]}]}},"_links":{"self":[{"href":"https:\/\/eurobauerholding.com\/cz\/wp-json\/wp\/v2\/pages\/6"}],"collection":[{"href":"https:\/\/eurobauerholding.com\/cz\/wp-json\/wp\/v2\/pages"}],"about":[{"href":"https:\/\/eurobauerholding.com\/cz\/wp-json\/wp\/v2\/types\/page"}],"author":[{"embeddable":true,"href":"https:\/\/eurobauerholding.com\/cz\/wp-json\/wp\/v2\/users\/1"}],"replies":[{"embeddable":true,"href":"https:\/\/eurobauerholding.com\/cz\/wp-json\/wp\/v2\/comments?post=6"}],"version-history":[{"count":7,"href":"https:\/\/eurobauerholding.com\/cz\/wp-json\/wp\/v2\/pages\/6\/revisions"}],"predecessor-version":[{"id":742,"href":"https:\/\/eurobauerholding.com\/cz\/wp-json\/wp\/v2\/pages\/6\/revisions\/742"}],"wp:attachment":[{"href":"https:\/\/eurobauerholding.com\/cz\/wp-json\/wp\/v2\/media?parent=6"}],"curies":[{"name":"wp","href":"https:\/\/api.w.org\/{rel}","templated":true}]}}