{"id":259108,"date":"2023-03-27T11:37:27","date_gmt":"2023-03-27T09:37:27","guid":{"rendered":"https:\/\/eurobauerholding.com\/cz\/?page_id=259108"},"modified":"2023-03-30T08:47:40","modified_gmt":"2023-03-30T06:47:40","slug":"investice","status":"publish","type":"page","link":"https:\/\/eurobauerholding.com\/cz\/investice\/","title":{"rendered":"Investice"},"content":{"rendered":"<p>[et_pb_section fb_built=&#8220;1&#8243; _builder_version=&#8220;4.16&#8243; _module_preset=&#8220;default&#8220; global_colors_info=&#8220;{}&#8220;][\/et_pb_section][et_pb_section fb_built=&#8220;1&#8243; _builder_version=&#8220;4.16&#8243; _module_preset=&#8220;default&#8220; global_colors_info=&#8220;{}&#8220;][et_pb_row _builder_version=&#8220;4.16&#8243; _module_preset=&#8220;default&#8220; width=&#8220;90%&#8220; global_colors_info=&#8220;{}&#8220;][et_pb_column type=&#8220;4_4&#8243; _builder_version=&#8220;4.16&#8243; _module_preset=&#8220;default&#8220; global_colors_info=&#8220;{}&#8220;][et_pb_text _builder_version=&#8220;4.20.2&#8243; _module_preset=&#8220;default&#8220; header_font=&#8220;Raleway|800||on|||||&#8220; header_text_align=&#8220;center&#8220; header_text_color=&#8220;#000000&#8243; header_font_size=&#8220;37px&#8220; header_letter_spacing=&#8220;2px&#8220; header_line_height=&#8220;1.2em&#8220; hover_enabled=&#8220;0&#8243; global_colors_info=&#8220;{}&#8220; sticky_enabled=&#8220;0&#8243;]<\/p>\n<h1>INVESTOV\u00c1N\u00cd DO AKTIVA SPOLE\u010cNOSTI<\/h1>\n<p>[\/et_pb_text][et_pb_image src=&#8220;https:\/\/eurobauerholding.com\/cz\/wp-content\/uploads\/2022\/02\/ciara-2.png&#8220; title_text=&#8220;\u010diara-2&#8243; align=&#8220;center&#8220; _builder_version=&#8220;4.16&#8243; _module_preset=&#8220;default&#8220; global_colors_info=&#8220;{}&#8220;][\/et_pb_image][\/et_pb_column][\/et_pb_row][et_pb_row column_structure=&#8220;1_5,3_5,1_5&#8243; _builder_version=&#8220;4.16&#8243; _module_preset=&#8220;default&#8220; width=&#8220;90%&#8220; global_colors_info=&#8220;{}&#8220;][et_pb_column type=&#8220;1_5&#8243; _builder_version=&#8220;4.16&#8243; _module_preset=&#8220;default&#8220; global_colors_info=&#8220;{}&#8220;][\/et_pb_column][et_pb_column type=&#8220;3_5&#8243; _builder_version=&#8220;4.16&#8243; _module_preset=&#8220;default&#8220; global_colors_info=&#8220;{}&#8220;][et_pb_text _builder_version=&#8220;4.20.2&#8243; _module_preset=&#8220;default&#8220; text_font=&#8220;Raleway||||||||&#8220; text_letter_spacing=&#8220;1px&#8220; text_orientation=&#8220;center&#8220; global_colors_info=&#8220;{}&#8220;]Obsah p\u0159ipravujeme &#8230;[\/et_pb_text][et_pb_divider color=&#8220;#d5b16f&#8220; divider_weight=&#8220;2px&#8220; _builder_version=&#8220;4.16&#8243; _module_preset=&#8220;default&#8220; width=&#8220;18%&#8220; module_alignment=&#8220;center&#8220; global_colors_info=&#8220;{}&#8220;][\/et_pb_divider][\/et_pb_column][et_pb_column type=&#8220;1_5&#8243; _builder_version=&#8220;4.16&#8243; _module_preset=&#8220;default&#8220; global_colors_info=&#8220;{}&#8220;][\/et_pb_column][\/et_pb_row][\/et_pb_section]<\/p>\n","protected":false},"excerpt":{"rendered":"<p>INVESTOV\u00c1N\u00cd DO AKTIVA SPOLE\u010cNOSTIObsah p\u0159ipravujeme &#8230;<\/p>\n","protected":false},"author":1,"featured_media":0,"parent":0,"menu_order":0,"comment_status":"closed","ping_status":"closed","template":"","meta":{"_et_pb_use_builder":"on","_et_pb_old_content":"","_et_gb_content_width":"","_mi_skip_tracking":false},"yoast_head":"<!-- This site is optimized with the Yoast SEO plugin v18.0 - https:\/\/yoast.com\/wordpress\/plugins\/seo\/ -->\n<title>Investice - Euro Bauer Holding<\/title>\n<meta name=\"robots\" content=\"index, follow, max-snippet:-1, max-image-preview:large, max-video-preview:-1\" \/>\n<link rel=\"canonical\" href=\"https:\/\/eurobauerholding.com\/cz\/investice\/\" \/>\n<meta property=\"og:locale\" content=\"sk_SK\" \/>\n<meta property=\"og:type\" content=\"article\" \/>\n<meta property=\"og:title\" content=\"Investice - Euro Bauer Holding\" \/>\n<meta property=\"og:description\" content=\"INVESTOV\u00c1N\u00cd DO AKTIVA SPOLE\u010cNOSTIObsah p\u0159ipravujeme ...\" \/>\n<meta property=\"og:url\" content=\"https:\/\/eurobauerholding.com\/cz\/investice\/\" \/>\n<meta property=\"og:site_name\" content=\"Euro Bauer Holding\" \/>\n<meta property=\"article:modified_time\" content=\"2023-03-30T06:47:40+00:00\" \/>\n<meta name=\"twitter:card\" content=\"summary_large_image\" \/>\n<script type=\"application\/ld+json\" class=\"yoast-schema-graph\">{\"@context\":\"https:\/\/schema.org\",\"@graph\":[{\"@type\":\"WebSite\",\"@id\":\"https:\/\/eurobauerholding.com\/cz\/#website\",\"url\":\"https:\/\/eurobauerholding.com\/cz\/\",\"name\":\"Euro Bauer Holding\",\"description\":\"Len \u010fal\u0161ia WordPress str\u00e1nka\",\"potentialAction\":[{\"@type\":\"SearchAction\",\"target\":{\"@type\":\"EntryPoint\",\"urlTemplate\":\"https:\/\/eurobauerholding.com\/cz\/?s={search_term_string}\"},\"query-input\":\"required name=search_term_string\"}],\"inLanguage\":\"sk-SK\"},{\"@type\":\"WebPage\",\"@id\":\"https:\/\/eurobauerholding.com\/cz\/investice\/#webpage\",\"url\":\"https:\/\/eurobauerholding.com\/cz\/investice\/\",\"name\":\"Investice - Euro Bauer Holding\",\"isPartOf\":{\"@id\":\"https:\/\/eurobauerholding.com\/cz\/#website\"},\"datePublished\":\"2023-03-27T09:37:27+00:00\",\"dateModified\":\"2023-03-30T06:47:40+00:00\",\"breadcrumb\":{\"@id\":\"https:\/\/eurobauerholding.com\/cz\/investice\/#breadcrumb\"},\"inLanguage\":\"sk-SK\",\"potentialAction\":[{\"@type\":\"ReadAction\",\"target\":[\"https:\/\/eurobauerholding.com\/cz\/investice\/\"]}]},{\"@type\":\"BreadcrumbList\",\"@id\":\"https:\/\/eurobauerholding.com\/cz\/investice\/#breadcrumb\",\"itemListElement\":[{\"@type\":\"ListItem\",\"position\":1,\"name\":\"Home\",\"item\":\"https:\/\/eurobauerholding.com\/cz\/\"},{\"@type\":\"ListItem\",\"position\":2,\"name\":\"Investice\"}]}]}<\/script>\n<!-- \/ Yoast SEO plugin. -->","yoast_head_json":{"title":"Investice - Euro Bauer Holding","robots":{"index":"index","follow":"follow","max-snippet":"max-snippet:-1","max-image-preview":"max-image-preview:large","max-video-preview":"max-video-preview:-1"},"canonical":"https:\/\/eurobauerholding.com\/cz\/investice\/","og_locale":"sk_SK","og_type":"article","og_title":"Investice - Euro Bauer Holding","og_description":"INVESTOV\u00c1N\u00cd DO AKTIVA SPOLE\u010cNOSTIObsah p\u0159ipravujeme ...","og_url":"https:\/\/eurobauerholding.com\/cz\/investice\/","og_site_name":"Euro Bauer Holding","article_modified_time":"2023-03-30T06:47:40+00:00","twitter_card":"summary_large_image","schema":{"@context":"https:\/\/schema.org","@graph":[{"@type":"WebSite","@id":"https:\/\/eurobauerholding.com\/cz\/#website","url":"https:\/\/eurobauerholding.com\/cz\/","name":"Euro Bauer Holding","description":"Len \u010fal\u0161ia WordPress str\u00e1nka","potentialAction":[{"@type":"SearchAction","target":{"@type":"EntryPoint","urlTemplate":"https:\/\/eurobauerholding.com\/cz\/?s={search_term_string}"},"query-input":"required name=search_term_string"}],"inLanguage":"sk-SK"},{"@type":"WebPage","@id":"https:\/\/eurobauerholding.com\/cz\/investice\/#webpage","url":"https:\/\/eurobauerholding.com\/cz\/investice\/","name":"Investice - Euro Bauer Holding","isPartOf":{"@id":"https:\/\/eurobauerholding.com\/cz\/#website"},"datePublished":"2023-03-27T09:37:27+00:00","dateModified":"2023-03-30T06:47:40+00:00","breadcrumb":{"@id":"https:\/\/eurobauerholding.com\/cz\/investice\/#breadcrumb"},"inLanguage":"sk-SK","potentialAction":[{"@type":"ReadAction","target":["https:\/\/eurobauerholding.com\/cz\/investice\/"]}]},{"@type":"BreadcrumbList","@id":"https:\/\/eurobauerholding.com\/cz\/investice\/#breadcrumb","itemListElement":[{"@type":"ListItem","position":1,"name":"Home","item":"https:\/\/eurobauerholding.com\/cz\/"},{"@type":"ListItem","position":2,"name":"Investice"}]}]}},"_links":{"self":[{"href":"https:\/\/eurobauerholding.com\/cz\/wp-json\/wp\/v2\/pages\/259108"}],"collection":[{"href":"https:\/\/eurobauerholding.com\/cz\/wp-json\/wp\/v2\/pages"}],"about":[{"href":"https:\/\/eurobauerholding.com\/cz\/wp-json\/wp\/v2\/types\/page"}],"author":[{"embeddable":true,"href":"https:\/\/eurobauerholding.com\/cz\/wp-json\/wp\/v2\/users\/1"}],"replies":[{"embeddable":true,"href":"https:\/\/eurobauerholding.com\/cz\/wp-json\/wp\/v2\/comments?post=259108"}],"version-history":[{"count":3,"href":"https:\/\/eurobauerholding.com\/cz\/wp-json\/wp\/v2\/pages\/259108\/revisions"}],"predecessor-version":[{"id":259134,"href":"https:\/\/eurobauerholding.com\/cz\/wp-json\/wp\/v2\/pages\/259108\/revisions\/259134"}],"wp:attachment":[{"href":"https:\/\/eurobauerholding.com\/cz\/wp-json\/wp\/v2\/media?parent=259108"}],"curies":[{"name":"wp","href":"https:\/\/api.w.org\/{rel}","templated":true}]}}