{"id":19,"date":"2022-02-01T11:28:41","date_gmt":"2022-02-01T10:28:41","guid":{"rendered":"https:\/\/eurobauerholding.com\/cz\/?page_id=19"},"modified":"2023-10-06T11:27:16","modified_gmt":"2023-10-06T09:27:16","slug":"novinky","status":"publish","type":"page","link":"https:\/\/eurobauerholding.com\/cz\/novinky\/","title":{"rendered":"Novinky"},"content":{"rendered":"<p>[et_pb_section fb_built=&#8220;1&#8243; _builder_version=&#8220;4.16&#8243; _module_preset=&#8220;default&#8220; global_colors_info=&#8220;{}&#8220;][\/et_pb_section][et_pb_section fb_built=&#8220;1&#8243; _builder_version=&#8220;4.16&#8243; _module_preset=&#8220;default&#8220; global_colors_info=&#8220;{}&#8220;][et_pb_row _builder_version=&#8220;4.16&#8243; _module_preset=&#8220;default&#8220; width=&#8220;90%&#8220; global_colors_info=&#8220;{}&#8220;][et_pb_column type=&#8220;4_4&#8243; _builder_version=&#8220;4.16&#8243; _module_preset=&#8220;default&#8220; global_colors_info=&#8220;{}&#8220;][et_pb_text _builder_version=&#8220;4.16&#8243; _module_preset=&#8220;default&#8220; header_font=&#8220;Raleway|800||on|||||&#8220; header_text_align=&#8220;center&#8220; header_text_color=&#8220;#000000&#8243; header_font_size=&#8220;37px&#8220; header_letter_spacing=&#8220;2px&#8220; header_line_height=&#8220;1.2em&#8220; global_colors_info=&#8220;{}&#8220;]<\/p>\n<h1>Novinky<\/h1>\n<p>[\/et_pb_text][et_pb_image src=&#8220;https:\/\/eurobauerholding.com\/cz\/wp-content\/uploads\/2022\/02\/ciara-2.png&#8220; title_text=&#8220;\u010diara-2&#8243; align=&#8220;center&#8220; _builder_version=&#8220;4.16&#8243; _module_preset=&#8220;default&#8220; global_colors_info=&#8220;{}&#8220;][\/et_pb_image][\/et_pb_column][\/et_pb_row][et_pb_row column_structure=&#8220;1_4,1_4,1_4,1_4&#8243; _builder_version=&#8220;4.20.2&#8243; _module_preset=&#8220;default&#8220; max_width=&#8220;1467px&#8220; global_colors_info=&#8220;{}&#8220;][et_pb_column type=&#8220;1_4&#8243; _builder_version=&#8220;4.20.2&#8243; _module_preset=&#8220;default&#8220; global_colors_info=&#8220;{}&#8220;][et_pb_blurb title=&#8220;30.08.2023 &#8220; _builder_version=&#8220;4.20.2&#8243; _module_preset=&#8220;default&#8220; header_font=&#8220;Raleway|700|||||||&#8220; body_font=&#8220;Raleway||||||||&#8220; body_text_align=&#8220;center&#8220; body_letter_spacing=&#8220;1px&#8220; text_orientation=&#8220;center&#8220; global_colors_info=&#8220;{}&#8220;]- zalo\u017een\u00ed dce\u0159in\u00e9 spole\u010dnosti Euro Bauer j.d.o.o. se s\u00eddlem v Podstran\u011b-Split za \u00fa\u010delem roz\u0161\u00ed\u0159en\u00ed developersk\u00fdch aktivit holdingu na \u00fazem\u00ed Chorvatska.[\/et_pb_blurb][et_pb_divider color=&#8220;#d5b16f&#8220; divider_weight=&#8220;2px&#8220; _builder_version=&#8220;4.16&#8243; _module_preset=&#8220;default&#8220; width=&#8220;18%&#8220; module_alignment=&#8220;center&#8220; global_colors_info=&#8220;{}&#8220;][\/et_pb_divider][\/et_pb_column][et_pb_column type=&#8220;1_4&#8243; _builder_version=&#8220;4.20.2&#8243; _module_preset=&#8220;default&#8220; global_colors_info=&#8220;{}&#8220;][et_pb_blurb title=&#8220;12.06.2023&#8243; _builder_version=&#8220;4.20.2&#8243; _module_preset=&#8220;default&#8220; header_font=&#8220;Raleway|700|||||||&#8220; body_font=&#8220;Raleway||||||||&#8220; body_text_align=&#8220;center&#8220; body_letter_spacing=&#8220;1px&#8220; text_orientation=&#8220;center&#8220; hover_enabled=&#8220;0&#8243; global_colors_info=&#8220;{}&#8220; sticky_enabled=&#8220;0&#8243;]<\/p>\n<p>&#8211; holding Euro Bauer p\u0159ipravuje zalo\u017een\u00ed sv\u00e9 dce\u0159in\u00e9 spole\u010dnosti na \u00fazem\u00ed Polsk\u00e9 republiky, za \u00fa\u010delem p\u0159\u00edprav k budouc\u00edmu developersk\u00e9mu z\u00e1m\u011bru.<\/p>\n<p>[\/et_pb_blurb][et_pb_divider color=&#8220;#d5b16f&#8220; divider_weight=&#8220;2px&#8220; _builder_version=&#8220;4.16&#8243; _module_preset=&#8220;default&#8220; width=&#8220;18%&#8220; module_alignment=&#8220;center&#8220; global_colors_info=&#8220;{}&#8220;][\/et_pb_divider][\/et_pb_column][et_pb_column type=&#8220;1_4&#8243; _builder_version=&#8220;4.20.2&#8243; _module_preset=&#8220;default&#8220; global_colors_info=&#8220;{}&#8220;][et_pb_blurb title=&#8220;26.5.2022&#8243; _builder_version=&#8220;4.20.2&#8243; _module_preset=&#8220;default&#8220; header_font=&#8220;Raleway|700|||||||&#8220; body_font=&#8220;Raleway||||||||&#8220; body_text_align=&#8220;center&#8220; body_letter_spacing=&#8220;1px&#8220; text_orientation=&#8220;center&#8220; global_colors_info=&#8220;{}&#8220;]<\/p>\n<p>&#8211; za\u010dlen\u011bn\u00ed spole\u010dnosti Euro Bauer Development s.r.o. ,Euro Bauer Real Estate, Euro Bauer s.r.o. , p\u016fsob\u00edc\u00edch na \u00fazem\u00ed SR do holdingu, jako dce\u0159in\u00fdch spole\u010dnosti, kde holding dr\u017e\u00ed 100% vlastnictv\u00ed t\u011bchto spole\u010dnosti.<\/p>\n<p>[\/et_pb_blurb][et_pb_divider color=&#8220;#d5b16f&#8220; divider_weight=&#8220;2px&#8220; _builder_version=&#8220;4.16&#8243; _module_preset=&#8220;default&#8220; width=&#8220;18%&#8220; module_alignment=&#8220;center&#8220; global_colors_info=&#8220;{}&#8220;][\/et_pb_divider][\/et_pb_column][et_pb_column type=&#8220;1_4&#8243; _builder_version=&#8220;4.20.2&#8243; _module_preset=&#8220;default&#8220; global_colors_info=&#8220;{}&#8220;][et_pb_blurb title=&#8220;15.3.2022&#8243; _builder_version=&#8220;4.20.2&#8243; _module_preset=&#8220;default&#8220; header_font=&#8220;Raleway|700|||||||&#8220; body_font=&#8220;Raleway||||||||&#8220; body_text_align=&#8220;center&#8220; body_letter_spacing=&#8220;1px&#8220; text_orientation=&#8220;center&#8220; global_colors_info=&#8220;{}&#8220;]- zalo\u017een\u00ed holdingu Euro Bauer, jako mate\u0159sk\u00e9 spole\u010dnosti, seskupuj\u00edc\u00ed dce\u0159in\u00e9 spole\u010dnosti p\u016fsob\u00edc\u00ed v realitn\u00edm developmentu ve st\u00e1tech EU.[\/et_pb_blurb][et_pb_divider color=&#8220;#d5b16f&#8220; divider_weight=&#8220;2px&#8220; _builder_version=&#8220;4.16&#8243; _module_preset=&#8220;default&#8220; width=&#8220;18%&#8220; module_alignment=&#8220;center&#8220; global_colors_info=&#8220;{}&#8220;][\/et_pb_divider][\/et_pb_column][\/et_pb_row][\/et_pb_section]<\/p>\n","protected":false},"excerpt":{"rendered":"<p>Novinky- zalo\u017een\u00ed dce\u0159in\u00e9 spole\u010dnosti Euro Bauer j.d.o.o. se s\u00eddlem v Podstran\u011b-Split za \u00fa\u010delem roz\u0161\u00ed\u0159en\u00ed developersk\u00fdch aktivit holdingu na \u00fazem\u00ed Chorvatska.- holding Euro Bauer p\u0159ipravuje zalo\u017een\u00ed sv\u00e9 dce\u0159in\u00e9 spole\u010dnosti na \u00fazem\u00ed Polsk\u00e9 republiky, za \u00fa\u010delem p\u0159\u00edprav k budouc\u00edmu developersk\u00e9mu z\u00e1m\u011bru.- za\u010dlen\u011bn\u00ed spole\u010dnosti Euro Bauer Development s.r.o. ,Euro Bauer Real Estate, Euro Bauer s.r.o. , p\u016fsob\u00edc\u00edch na [&hellip;]<\/p>\n","protected":false},"author":1,"featured_media":0,"parent":0,"menu_order":0,"comment_status":"closed","ping_status":"closed","template":"","meta":{"_et_pb_use_builder":"on","_et_pb_old_content":"<!-- wp:divi\/placeholder \/-->","_et_gb_content_width":"","_mi_skip_tracking":false},"yoast_head":"<!-- This site is optimized with the Yoast SEO plugin v18.0 - https:\/\/yoast.com\/wordpress\/plugins\/seo\/ -->\n<title>Novinky - Euro Bauer Holding<\/title>\n<meta name=\"robots\" content=\"index, follow, max-snippet:-1, max-image-preview:large, max-video-preview:-1\" \/>\n<link rel=\"canonical\" href=\"https:\/\/eurobauerholding.com\/cz\/novinky\/\" \/>\n<meta property=\"og:locale\" content=\"sk_SK\" \/>\n<meta property=\"og:type\" content=\"article\" \/>\n<meta property=\"og:title\" content=\"Novinky - Euro Bauer Holding\" \/>\n<meta property=\"og:description\" content=\"Novinky- zalo\u017een\u00ed dce\u0159in\u00e9 spole\u010dnosti Euro Bauer j.d.o.o. se s\u00eddlem v Podstran\u011b-Split za \u00fa\u010delem roz\u0161\u00ed\u0159en\u00ed developersk\u00fdch aktivit holdingu na \u00fazem\u00ed Chorvatska.- holding Euro Bauer p\u0159ipravuje zalo\u017een\u00ed sv\u00e9 dce\u0159in\u00e9 spole\u010dnosti na \u00fazem\u00ed Polsk\u00e9 republiky, za \u00fa\u010delem p\u0159\u00edprav k budouc\u00edmu developersk\u00e9mu z\u00e1m\u011bru.- za\u010dlen\u011bn\u00ed spole\u010dnosti Euro Bauer Development s.r.o. ,Euro Bauer Real Estate, Euro Bauer s.r.o. , p\u016fsob\u00edc\u00edch na [&hellip;]\" \/>\n<meta property=\"og:url\" content=\"https:\/\/eurobauerholding.com\/cz\/novinky\/\" \/>\n<meta property=\"og:site_name\" content=\"Euro Bauer Holding\" \/>\n<meta property=\"article:modified_time\" content=\"2023-10-06T09:27:16+00:00\" \/>\n<meta name=\"twitter:card\" content=\"summary_large_image\" \/>\n<meta name=\"twitter:label1\" content=\"Predpokladan\u00fd \u010das \u010d\u00edtania\" \/>\n\t<meta name=\"twitter:data1\" content=\"1 min\u00fata\" \/>\n<script type=\"application\/ld+json\" class=\"yoast-schema-graph\">{\"@context\":\"https:\/\/schema.org\",\"@graph\":[{\"@type\":\"WebSite\",\"@id\":\"https:\/\/eurobauerholding.com\/cz\/#website\",\"url\":\"https:\/\/eurobauerholding.com\/cz\/\",\"name\":\"Euro Bauer Holding\",\"description\":\"Len \u010fal\u0161ia WordPress str\u00e1nka\",\"potentialAction\":[{\"@type\":\"SearchAction\",\"target\":{\"@type\":\"EntryPoint\",\"urlTemplate\":\"https:\/\/eurobauerholding.com\/cz\/?s={search_term_string}\"},\"query-input\":\"required name=search_term_string\"}],\"inLanguage\":\"sk-SK\"},{\"@type\":\"WebPage\",\"@id\":\"https:\/\/eurobauerholding.com\/cz\/novinky\/#webpage\",\"url\":\"https:\/\/eurobauerholding.com\/cz\/novinky\/\",\"name\":\"Novinky - Euro Bauer Holding\",\"isPartOf\":{\"@id\":\"https:\/\/eurobauerholding.com\/cz\/#website\"},\"datePublished\":\"2022-02-01T10:28:41+00:00\",\"dateModified\":\"2023-10-06T09:27:16+00:00\",\"breadcrumb\":{\"@id\":\"https:\/\/eurobauerholding.com\/cz\/novinky\/#breadcrumb\"},\"inLanguage\":\"sk-SK\",\"potentialAction\":[{\"@type\":\"ReadAction\",\"target\":[\"https:\/\/eurobauerholding.com\/cz\/novinky\/\"]}]},{\"@type\":\"BreadcrumbList\",\"@id\":\"https:\/\/eurobauerholding.com\/cz\/novinky\/#breadcrumb\",\"itemListElement\":[{\"@type\":\"ListItem\",\"position\":1,\"name\":\"Home\",\"item\":\"https:\/\/eurobauerholding.com\/cz\/\"},{\"@type\":\"ListItem\",\"position\":2,\"name\":\"Novinky\"}]}]}<\/script>\n<!-- \/ Yoast SEO plugin. -->","yoast_head_json":{"title":"Novinky - Euro Bauer Holding","robots":{"index":"index","follow":"follow","max-snippet":"max-snippet:-1","max-image-preview":"max-image-preview:large","max-video-preview":"max-video-preview:-1"},"canonical":"https:\/\/eurobauerholding.com\/cz\/novinky\/","og_locale":"sk_SK","og_type":"article","og_title":"Novinky - Euro Bauer Holding","og_description":"Novinky- zalo\u017een\u00ed dce\u0159in\u00e9 spole\u010dnosti Euro Bauer j.d.o.o. se s\u00eddlem v Podstran\u011b-Split za \u00fa\u010delem roz\u0161\u00ed\u0159en\u00ed developersk\u00fdch aktivit holdingu na \u00fazem\u00ed Chorvatska.- holding Euro Bauer p\u0159ipravuje zalo\u017een\u00ed sv\u00e9 dce\u0159in\u00e9 spole\u010dnosti na \u00fazem\u00ed Polsk\u00e9 republiky, za \u00fa\u010delem p\u0159\u00edprav k budouc\u00edmu developersk\u00e9mu z\u00e1m\u011bru.- za\u010dlen\u011bn\u00ed spole\u010dnosti Euro Bauer Development s.r.o. ,Euro Bauer Real Estate, Euro Bauer s.r.o. , p\u016fsob\u00edc\u00edch na [&hellip;]","og_url":"https:\/\/eurobauerholding.com\/cz\/novinky\/","og_site_name":"Euro Bauer Holding","article_modified_time":"2023-10-06T09:27:16+00:00","twitter_card":"summary_large_image","twitter_misc":{"Predpokladan\u00fd \u010das \u010d\u00edtania":"1 min\u00fata"},"schema":{"@context":"https:\/\/schema.org","@graph":[{"@type":"WebSite","@id":"https:\/\/eurobauerholding.com\/cz\/#website","url":"https:\/\/eurobauerholding.com\/cz\/","name":"Euro Bauer Holding","description":"Len \u010fal\u0161ia WordPress str\u00e1nka","potentialAction":[{"@type":"SearchAction","target":{"@type":"EntryPoint","urlTemplate":"https:\/\/eurobauerholding.com\/cz\/?s={search_term_string}"},"query-input":"required name=search_term_string"}],"inLanguage":"sk-SK"},{"@type":"WebPage","@id":"https:\/\/eurobauerholding.com\/cz\/novinky\/#webpage","url":"https:\/\/eurobauerholding.com\/cz\/novinky\/","name":"Novinky - Euro Bauer Holding","isPartOf":{"@id":"https:\/\/eurobauerholding.com\/cz\/#website"},"datePublished":"2022-02-01T10:28:41+00:00","dateModified":"2023-10-06T09:27:16+00:00","breadcrumb":{"@id":"https:\/\/eurobauerholding.com\/cz\/novinky\/#breadcrumb"},"inLanguage":"sk-SK","potentialAction":[{"@type":"ReadAction","target":["https:\/\/eurobauerholding.com\/cz\/novinky\/"]}]},{"@type":"BreadcrumbList","@id":"https:\/\/eurobauerholding.com\/cz\/novinky\/#breadcrumb","itemListElement":[{"@type":"ListItem","position":1,"name":"Home","item":"https:\/\/eurobauerholding.com\/cz\/"},{"@type":"ListItem","position":2,"name":"Novinky"}]}]}},"_links":{"self":[{"href":"https:\/\/eurobauerholding.com\/cz\/wp-json\/wp\/v2\/pages\/19"}],"collection":[{"href":"https:\/\/eurobauerholding.com\/cz\/wp-json\/wp\/v2\/pages"}],"about":[{"href":"https:\/\/eurobauerholding.com\/cz\/wp-json\/wp\/v2\/types\/page"}],"author":[{"embeddable":true,"href":"https:\/\/eurobauerholding.com\/cz\/wp-json\/wp\/v2\/users\/1"}],"replies":[{"embeddable":true,"href":"https:\/\/eurobauerholding.com\/cz\/wp-json\/wp\/v2\/comments?post=19"}],"version-history":[{"count":6,"href":"https:\/\/eurobauerholding.com\/cz\/wp-json\/wp\/v2\/pages\/19\/revisions"}],"predecessor-version":[{"id":259146,"href":"https:\/\/eurobauerholding.com\/cz\/wp-json\/wp\/v2\/pages\/19\/revisions\/259146"}],"wp:attachment":[{"href":"https:\/\/eurobauerholding.com\/cz\/wp-json\/wp\/v2\/media?parent=19"}],"curies":[{"name":"wp","href":"https:\/\/api.w.org\/{rel}","templated":true}]}}