{"id":15,"date":"2022-02-01T11:28:09","date_gmt":"2022-02-01T10:28:09","guid":{"rendered":"https:\/\/eurobauerholding.com\/cz\/?page_id=15"},"modified":"2023-03-30T08:43:30","modified_gmt":"2023-03-30T06:43:30","slug":"aktivity","status":"publish","type":"page","link":"https:\/\/eurobauerholding.com\/cz\/aktivity\/","title":{"rendered":"Aktivity"},"content":{"rendered":"<p>[et_pb_section fb_built=&#8220;1&#8243; _builder_version=&#8220;4.16&#8243; _module_preset=&#8220;default&#8220; background_color=&#8220;#000000&#8243; background_image=&#8220;https:\/\/eurobauerholding.com\/cz\/wp-content\/uploads\/2023\/03\/white.png&#8220; parallax=&#8220;on&#8220; width=&#8220;112%&#8220; max_width=&#8220;100%&#8220; custom_padding=&#8220;134px||69px||false|false&#8220; top_divider_color=&#8220;rgba(0,0,0,0.18)&#8220; top_divider_height=&#8220;6px&#8220; top_divider_flip=&#8220;vertical&#8220; locked=&#8220;off&#8220; global_colors_info=&#8220;{}&#8220;][et_pb_row _builder_version=&#8220;4.16&#8243; _module_preset=&#8220;default&#8220; max_width=&#8220;1420px&#8220; global_colors_info=&#8220;{}&#8220;][et_pb_column type=&#8220;4_4&#8243; _builder_version=&#8220;4.16&#8243; _module_preset=&#8220;default&#8220; global_colors_info=&#8220;{}&#8220;][et_pb_text _builder_version=&#8220;4.20.2&#8243; _module_preset=&#8220;default&#8220; text_font=&#8220;Sarabun|800||on|||||&#8220; text_text_color=&#8220;#FFFFFF&#8220; text_font_size=&#8220;50px&#8220; text_letter_spacing=&#8220;3px&#8220; text_line_height=&#8220;1.2em&#8220; background_color=&#8220;RGBA(0,0,0,0)&#8220; custom_margin=&#8220;||39px|||&#8220; custom_padding=&#8220;|||30px|false|false&#8220; hover_enabled=&#8220;0&#8243; text_font_size_tablet=&#8220;&#8220; text_font_size_phone=&#8220;42px&#8220; text_font_size_last_edited=&#8220;on|phone&#8220; global_colors_info=&#8220;{}&#8220; sticky_enabled=&#8220;0&#8243;]<\/p>\n<p style=\"text-align: center;\">AKTIVITY HOLDINGU<\/p>\n<p>[\/et_pb_text][et_pb_divider color=&#8220;#FFFFFF&#8220; divider_weight=&#8220;4px&#8220; _builder_version=&#8220;4.17.0&#8243; _module_preset=&#8220;default&#8220; width=&#8220;4%&#8220; module_alignment=&#8220;center&#8220; custom_margin=&#8220;0px||0px||false|false&#8220; custom_padding=&#8220;0px||0px|32px|true|false&#8220; locked=&#8220;off&#8220; global_colors_info=&#8220;{}&#8220;][\/et_pb_divider][\/et_pb_column][\/et_pb_row][et_pb_row column_structure=&#8220;1_6,1_6,1_6,1_6,1_6,1_6&#8243; use_custom_gutter=&#8220;on&#8220; gutter_width=&#8220;4&#8243; module_class=&#8220;three-columns&#8220; _builder_version=&#8220;4.16&#8243; _module_preset=&#8220;default&#8220; max_width=&#8220;1363px&#8220; module_alignment=&#8220;center&#8220; custom_padding=&#8220;||0px||false|false&#8220; global_colors_info=&#8220;{}&#8220;][et_pb_column type=&#8220;1_6&#8243; _builder_version=&#8220;4.16&#8243; _module_preset=&#8220;default&#8220; global_colors_info=&#8220;{}&#8220;][et_pb_blurb title=&#8220;V\u00fdstavba nemovitost\u00ed&#8220; image=&#8220;https:\/\/eurobauerholding.com\/cz\/wp-content\/uploads\/2023\/03\/biela-1.png&#8220; image_icon_width=&#8220;49%&#8220; icon_alignment=&#8220;left&#8220; content_max_width=&#8220;1100px&#8220; icon_alignment_tablet=&#8220;&#8220; icon_alignment_phone=&#8220;center&#8220; icon_alignment_last_edited=&#8220;on|phone&#8220; _builder_version=&#8220;4.20.2&#8243; _module_preset=&#8220;default&#8220; header_level=&#8220;h2&#8243; header_font=&#8220;Sarabun||||||||&#8220; header_text_align=&#8220;left&#8220; header_text_color=&#8220;#FFFFFF&#8220; header_font_size=&#8220;20px&#8220; body_font=&#8220;Sarabun|800|||||||&#8220; transform_translate_linked=&#8220;off&#8220; width=&#8220;100%&#8220; module_alignment=&#8220;center&#8220; custom_margin_tablet=&#8220;&#8220; custom_margin_phone=&#8220;||30px||false|false&#8220; custom_margin_last_edited=&#8220;on|phone&#8220; hover_enabled=&#8220;0&#8243; header_text_align_tablet=&#8220;&#8220; header_text_align_phone=&#8220;center&#8220; header_text_align_last_edited=&#8220;on|phone&#8220; text_orientation_tablet=&#8220;&#8220; text_orientation_phone=&#8220;center&#8220; text_orientation_last_edited=&#8220;on|phone&#8220; border_color_all_image=&#8220;#FFFFFF&#8220; image_max_width=&#8220;49%&#8220; global_colors_info=&#8220;{}&#8220; transform_styles__hover_enabled=&#8220;on|hover&#8220; transform_scale__hover_enabled=&#8220;on|hover&#8220; transform_translate__hover_enabled=&#8220;on|hover&#8220; transform_rotate__hover_enabled=&#8220;on|desktop&#8220; transform_skew__hover_enabled=&#8220;on|desktop&#8220; transform_origin__hover_enabled=&#8220;on|desktop&#8220; transform_translate__hover=&#8220;0px|-15px&#8220; sticky_enabled=&#8220;0&#8243;][\/et_pb_blurb][\/et_pb_column][et_pb_column type=&#8220;1_6&#8243; _builder_version=&#8220;4.16&#8243; _module_preset=&#8220;default&#8220; global_colors_info=&#8220;{}&#8220;][et_pb_blurb title=&#8220;Realitn\u00ed development&#8220; image=&#8220;https:\/\/eurobauerholding.com\/cz\/wp-content\/uploads\/2023\/03\/biela-2.png&#8220; image_icon_width=&#8220;49%&#8220; icon_alignment=&#8220;left&#8220; content_max_width=&#8220;1100px&#8220; icon_alignment_tablet=&#8220;&#8220; icon_alignment_phone=&#8220;center&#8220; icon_alignment_last_edited=&#8220;on|phone&#8220; _builder_version=&#8220;4.20.2&#8243; _module_preset=&#8220;default&#8220; header_level=&#8220;h2&#8243; header_font=&#8220;Sarabun||||||||&#8220; header_text_align=&#8220;left&#8220; header_text_color=&#8220;#FFFFFF&#8220; header_font_size=&#8220;20px&#8220; body_font=&#8220;Sarabun|800|||||||&#8220; transform_translate_linked=&#8220;off&#8220; width=&#8220;100%&#8220; module_alignment=&#8220;center&#8220; custom_margin_tablet=&#8220;&#8220; custom_margin_phone=&#8220;||30px||false|false&#8220; custom_margin_last_edited=&#8220;on|phone&#8220; hover_enabled=&#8220;0&#8243; header_text_align_tablet=&#8220;&#8220; header_text_align_phone=&#8220;center&#8220; header_text_align_last_edited=&#8220;on|phone&#8220; text_orientation_tablet=&#8220;&#8220; text_orientation_phone=&#8220;center&#8220; text_orientation_last_edited=&#8220;on|phone&#8220; image_max_width=&#8220;49%&#8220; global_colors_info=&#8220;{}&#8220; transform_styles__hover_enabled=&#8220;on|hover&#8220; transform_scale__hover_enabled=&#8220;on|hover&#8220; transform_translate__hover=&#8220;0px|-15px&#8220; transform_translate__hover_enabled=&#8220;on|hover&#8220; transform_rotate__hover_enabled=&#8220;on|desktop&#8220; transform_skew__hover_enabled=&#8220;on|desktop&#8220; transform_origin__hover_enabled=&#8220;on|desktop&#8220; sticky_enabled=&#8220;0&#8243;][\/et_pb_blurb][\/et_pb_column][et_pb_column type=&#8220;1_6&#8243; _builder_version=&#8220;4.16&#8243; _module_preset=&#8220;default&#8220; global_colors_info=&#8220;{}&#8220;][et_pb_blurb title=&#8220;Nemovitosti&#8220; image=&#8220;https:\/\/eurobauerholding.com\/cz\/wp-content\/uploads\/2023\/03\/biela-3.png&#8220; image_icon_width=&#8220;49%&#8220; icon_alignment=&#8220;left&#8220; content_max_width=&#8220;1100px&#8220; icon_alignment_tablet=&#8220;&#8220; icon_alignment_phone=&#8220;center&#8220; icon_alignment_last_edited=&#8220;on|phone&#8220; _builder_version=&#8220;4.20.2&#8243; _module_preset=&#8220;default&#8220; header_level=&#8220;h2&#8243; header_font=&#8220;Sarabun||||||||&#8220; header_text_align=&#8220;left&#8220; header_text_color=&#8220;#FFFFFF&#8220; header_font_size=&#8220;20px&#8220; body_font=&#8220;Sarabun|800|||||||&#8220; transform_translate_linked=&#8220;off&#8220; width=&#8220;100%&#8220; module_alignment=&#8220;center&#8220; custom_margin_tablet=&#8220;&#8220; custom_margin_phone=&#8220;||30px||false|false&#8220; custom_margin_last_edited=&#8220;on|phone&#8220; hover_enabled=&#8220;0&#8243; header_text_align_tablet=&#8220;&#8220; header_text_align_phone=&#8220;center&#8220; header_text_align_last_edited=&#8220;on|phone&#8220; text_orientation_tablet=&#8220;&#8220; text_orientation_phone=&#8220;center&#8220; text_orientation_last_edited=&#8220;on|phone&#8220; image_max_width=&#8220;49%&#8220; global_colors_info=&#8220;{}&#8220; transform_styles__hover_enabled=&#8220;on|hover&#8220; transform_scale__hover_enabled=&#8220;on|hover&#8220; transform_translate__hover=&#8220;0px|-15px&#8220; transform_translate__hover_enabled=&#8220;on|hover&#8220; transform_rotate__hover_enabled=&#8220;on|desktop&#8220; transform_skew__hover_enabled=&#8220;on|desktop&#8220; transform_origin__hover_enabled=&#8220;on|desktop&#8220; sticky_enabled=&#8220;0&#8243;][\/et_pb_blurb][\/et_pb_column][et_pb_column type=&#8220;1_6&#8243; _builder_version=&#8220;4.16&#8243; _module_preset=&#8220;default&#8220; global_colors_info=&#8220;{}&#8220;][et_pb_blurb title=&#8220;Investice do nemovitost\u00ed&#8220; image=&#8220;https:\/\/eurobauerholding.com\/cz\/wp-content\/uploads\/2023\/03\/biela-4.png&#8220; image_icon_width=&#8220;49%&#8220; icon_alignment=&#8220;left&#8220; content_max_width=&#8220;1100px&#8220; icon_alignment_tablet=&#8220;&#8220; icon_alignment_phone=&#8220;center&#8220; icon_alignment_last_edited=&#8220;on|phone&#8220; _builder_version=&#8220;4.20.2&#8243; _module_preset=&#8220;default&#8220; header_level=&#8220;h2&#8243; header_font=&#8220;Sarabun||||||||&#8220; header_text_align=&#8220;left&#8220; header_text_color=&#8220;#FFFFFF&#8220; header_font_size=&#8220;20px&#8220; body_font=&#8220;Sarabun|800|||||||&#8220; transform_translate_linked=&#8220;off&#8220; width=&#8220;100%&#8220; module_alignment=&#8220;center&#8220; custom_margin_tablet=&#8220;&#8220; custom_margin_phone=&#8220;||30px||false|false&#8220; custom_margin_last_edited=&#8220;on|phone&#8220; hover_enabled=&#8220;0&#8243; header_text_align_tablet=&#8220;&#8220; header_text_align_phone=&#8220;center&#8220; header_text_align_last_edited=&#8220;on|phone&#8220; text_orientation_tablet=&#8220;&#8220; text_orientation_phone=&#8220;center&#8220; text_orientation_last_edited=&#8220;on|phone&#8220; image_max_width=&#8220;49%&#8220; global_colors_info=&#8220;{}&#8220; transform_styles__hover_enabled=&#8220;on|hover&#8220; transform_scale__hover_enabled=&#8220;on|hover&#8220; transform_translate__hover=&#8220;0px|-15px&#8220; transform_translate__hover_enabled=&#8220;on|hover&#8220; transform_rotate__hover_enabled=&#8220;on|desktop&#8220; transform_skew__hover_enabled=&#8220;on|desktop&#8220; transform_origin__hover_enabled=&#8220;on|desktop&#8220; sticky_enabled=&#8220;0&#8243;][\/et_pb_blurb][\/et_pb_column][et_pb_column type=&#8220;1_6&#8243; _builder_version=&#8220;4.16&#8243; _module_preset=&#8220;default&#8220; global_colors_info=&#8220;{}&#8220;][et_pb_blurb title=&#8220;Nemovitost Private Equity&#8220; image=&#8220;https:\/\/eurobauerholding.com\/cz\/wp-content\/uploads\/2023\/03\/biela-5.png&#8220; image_icon_width=&#8220;49%&#8220; icon_alignment=&#8220;left&#8220; content_max_width=&#8220;1100px&#8220; icon_alignment_tablet=&#8220;&#8220; icon_alignment_phone=&#8220;center&#8220; icon_alignment_last_edited=&#8220;on|phone&#8220; _builder_version=&#8220;4.20.2&#8243; _module_preset=&#8220;default&#8220; header_level=&#8220;h2&#8243; header_font=&#8220;Sarabun||||||||&#8220; header_text_align=&#8220;left&#8220; header_text_color=&#8220;#FFFFFF&#8220; header_font_size=&#8220;20px&#8220; body_font=&#8220;Sarabun|800|||||||&#8220; transform_translate_linked=&#8220;off&#8220; width=&#8220;100%&#8220; module_alignment=&#8220;center&#8220; custom_margin_tablet=&#8220;&#8220; custom_margin_phone=&#8220;||30px||false|false&#8220; custom_margin_last_edited=&#8220;on|phone&#8220; hover_enabled=&#8220;0&#8243; header_text_align_tablet=&#8220;&#8220; header_text_align_phone=&#8220;center&#8220; header_text_align_last_edited=&#8220;on|phone&#8220; text_orientation_tablet=&#8220;&#8220; text_orientation_phone=&#8220;center&#8220; text_orientation_last_edited=&#8220;on|phone&#8220; image_max_width=&#8220;49%&#8220; global_colors_info=&#8220;{}&#8220; transform_styles__hover_enabled=&#8220;on|hover&#8220; transform_scale__hover_enabled=&#8220;on|hover&#8220; transform_translate__hover=&#8220;0px|-15px&#8220; transform_translate__hover_enabled=&#8220;on|hover&#8220; transform_rotate__hover_enabled=&#8220;on|desktop&#8220; transform_skew__hover_enabled=&#8220;on|desktop&#8220; transform_origin__hover_enabled=&#8220;on|desktop&#8220; sticky_enabled=&#8220;0&#8243;][\/et_pb_blurb][\/et_pb_column][et_pb_column type=&#8220;1_6&#8243; _builder_version=&#8220;4.16&#8243; _module_preset=&#8220;default&#8220; global_colors_info=&#8220;{}&#8220;][et_pb_blurb title=&#8220;Spr\u00e1va objektu&#8220; image=&#8220;https:\/\/eurobauerholding.com\/cz\/wp-content\/uploads\/2023\/03\/biela-6.png&#8220; image_icon_width=&#8220;49%&#8220; icon_alignment=&#8220;left&#8220; content_max_width=&#8220;1100px&#8220; icon_alignment_tablet=&#8220;&#8220; icon_alignment_phone=&#8220;center&#8220; icon_alignment_last_edited=&#8220;on|phone&#8220; _builder_version=&#8220;4.20.2&#8243; _module_preset=&#8220;default&#8220; header_level=&#8220;h2&#8243; header_font=&#8220;Sarabun||||||||&#8220; header_text_align=&#8220;left&#8220; header_text_color=&#8220;#FFFFFF&#8220; header_font_size=&#8220;20px&#8220; body_font=&#8220;Sarabun|800|||||||&#8220; transform_translate_linked=&#8220;off&#8220; width=&#8220;100%&#8220; module_alignment=&#8220;center&#8220; custom_margin_tablet=&#8220;&#8220; custom_margin_phone=&#8220;||30px||false|false&#8220; custom_margin_last_edited=&#8220;on|phone&#8220; hover_enabled=&#8220;0&#8243; header_text_align_tablet=&#8220;&#8220; header_text_align_phone=&#8220;center&#8220; header_text_align_last_edited=&#8220;on|phone&#8220; text_orientation_tablet=&#8220;&#8220; text_orientation_phone=&#8220;center&#8220; text_orientation_last_edited=&#8220;on|phone&#8220; image_max_width=&#8220;49%&#8220; global_colors_info=&#8220;{}&#8220; transform_styles__hover_enabled=&#8220;on|hover&#8220; transform_scale__hover_enabled=&#8220;on|hover&#8220; transform_translate__hover=&#8220;0px|-15px&#8220; transform_translate__hover_enabled=&#8220;on|hover&#8220; transform_rotate__hover_enabled=&#8220;on|desktop&#8220; transform_skew__hover_enabled=&#8220;on|desktop&#8220; transform_origin__hover_enabled=&#8220;on|desktop&#8220; sticky_enabled=&#8220;0&#8243;][\/et_pb_blurb][et_pb_code _builder_version=&#8220;4.16&#8243; _module_preset=&#8220;default&#8220; global_colors_info=&#8220;{}&#8220;]<a name=\"spolocnosti-v-holdingu\"><\/a> [\/et_pb_code][\/et_pb_column][\/et_pb_row][\/et_pb_section]<\/p>\n","protected":false},"excerpt":{"rendered":"<p>AKTIVITY HOLDINGU<\/p>\n","protected":false},"author":1,"featured_media":0,"parent":0,"menu_order":0,"comment_status":"closed","ping_status":"closed","template":"","meta":{"_et_pb_use_builder":"on","_et_pb_old_content":"<!-- wp:divi\/placeholder \/-->","_et_gb_content_width":"","_mi_skip_tracking":false},"yoast_head":"<!-- This site is optimized with the Yoast SEO plugin v18.0 - https:\/\/yoast.com\/wordpress\/plugins\/seo\/ -->\n<title>Aktivity - Euro Bauer Holding<\/title>\n<meta name=\"robots\" content=\"index, follow, max-snippet:-1, max-image-preview:large, max-video-preview:-1\" \/>\n<link rel=\"canonical\" href=\"https:\/\/eurobauerholding.com\/cz\/aktivity\/\" \/>\n<meta property=\"og:locale\" content=\"sk_SK\" \/>\n<meta property=\"og:type\" content=\"article\" \/>\n<meta property=\"og:title\" content=\"Aktivity - Euro Bauer Holding\" \/>\n<meta property=\"og:description\" content=\"AKTIVITY HOLDINGU\" \/>\n<meta property=\"og:url\" content=\"https:\/\/eurobauerholding.com\/cz\/aktivity\/\" \/>\n<meta property=\"og:site_name\" content=\"Euro Bauer Holding\" \/>\n<meta property=\"article:modified_time\" content=\"2023-03-30T06:43:30+00:00\" \/>\n<meta name=\"twitter:card\" content=\"summary_large_image\" \/>\n<meta name=\"twitter:label1\" content=\"Predpokladan\u00fd \u010das \u010d\u00edtania\" \/>\n\t<meta name=\"twitter:data1\" content=\"1 min\u00fata\" \/>\n<script type=\"application\/ld+json\" class=\"yoast-schema-graph\">{\"@context\":\"https:\/\/schema.org\",\"@graph\":[{\"@type\":\"WebSite\",\"@id\":\"https:\/\/eurobauerholding.com\/cz\/#website\",\"url\":\"https:\/\/eurobauerholding.com\/cz\/\",\"name\":\"Euro Bauer Holding\",\"description\":\"Len \u010fal\u0161ia WordPress str\u00e1nka\",\"potentialAction\":[{\"@type\":\"SearchAction\",\"target\":{\"@type\":\"EntryPoint\",\"urlTemplate\":\"https:\/\/eurobauerholding.com\/cz\/?s={search_term_string}\"},\"query-input\":\"required name=search_term_string\"}],\"inLanguage\":\"sk-SK\"},{\"@type\":\"WebPage\",\"@id\":\"https:\/\/eurobauerholding.com\/cz\/aktivity\/#webpage\",\"url\":\"https:\/\/eurobauerholding.com\/cz\/aktivity\/\",\"name\":\"Aktivity - Euro Bauer Holding\",\"isPartOf\":{\"@id\":\"https:\/\/eurobauerholding.com\/cz\/#website\"},\"datePublished\":\"2022-02-01T10:28:09+00:00\",\"dateModified\":\"2023-03-30T06:43:30+00:00\",\"breadcrumb\":{\"@id\":\"https:\/\/eurobauerholding.com\/cz\/aktivity\/#breadcrumb\"},\"inLanguage\":\"sk-SK\",\"potentialAction\":[{\"@type\":\"ReadAction\",\"target\":[\"https:\/\/eurobauerholding.com\/cz\/aktivity\/\"]}]},{\"@type\":\"BreadcrumbList\",\"@id\":\"https:\/\/eurobauerholding.com\/cz\/aktivity\/#breadcrumb\",\"itemListElement\":[{\"@type\":\"ListItem\",\"position\":1,\"name\":\"Home\",\"item\":\"https:\/\/eurobauerholding.com\/cz\/\"},{\"@type\":\"ListItem\",\"position\":2,\"name\":\"Aktivity\"}]}]}<\/script>\n<!-- \/ Yoast SEO plugin. -->","yoast_head_json":{"title":"Aktivity - Euro Bauer Holding","robots":{"index":"index","follow":"follow","max-snippet":"max-snippet:-1","max-image-preview":"max-image-preview:large","max-video-preview":"max-video-preview:-1"},"canonical":"https:\/\/eurobauerholding.com\/cz\/aktivity\/","og_locale":"sk_SK","og_type":"article","og_title":"Aktivity - Euro Bauer Holding","og_description":"AKTIVITY HOLDINGU","og_url":"https:\/\/eurobauerholding.com\/cz\/aktivity\/","og_site_name":"Euro Bauer Holding","article_modified_time":"2023-03-30T06:43:30+00:00","twitter_card":"summary_large_image","twitter_misc":{"Predpokladan\u00fd \u010das \u010d\u00edtania":"1 min\u00fata"},"schema":{"@context":"https:\/\/schema.org","@graph":[{"@type":"WebSite","@id":"https:\/\/eurobauerholding.com\/cz\/#website","url":"https:\/\/eurobauerholding.com\/cz\/","name":"Euro Bauer Holding","description":"Len \u010fal\u0161ia WordPress str\u00e1nka","potentialAction":[{"@type":"SearchAction","target":{"@type":"EntryPoint","urlTemplate":"https:\/\/eurobauerholding.com\/cz\/?s={search_term_string}"},"query-input":"required name=search_term_string"}],"inLanguage":"sk-SK"},{"@type":"WebPage","@id":"https:\/\/eurobauerholding.com\/cz\/aktivity\/#webpage","url":"https:\/\/eurobauerholding.com\/cz\/aktivity\/","name":"Aktivity - Euro Bauer Holding","isPartOf":{"@id":"https:\/\/eurobauerholding.com\/cz\/#website"},"datePublished":"2022-02-01T10:28:09+00:00","dateModified":"2023-03-30T06:43:30+00:00","breadcrumb":{"@id":"https:\/\/eurobauerholding.com\/cz\/aktivity\/#breadcrumb"},"inLanguage":"sk-SK","potentialAction":[{"@type":"ReadAction","target":["https:\/\/eurobauerholding.com\/cz\/aktivity\/"]}]},{"@type":"BreadcrumbList","@id":"https:\/\/eurobauerholding.com\/cz\/aktivity\/#breadcrumb","itemListElement":[{"@type":"ListItem","position":1,"name":"Home","item":"https:\/\/eurobauerholding.com\/cz\/"},{"@type":"ListItem","position":2,"name":"Aktivity"}]}]}},"_links":{"self":[{"href":"https:\/\/eurobauerholding.com\/cz\/wp-json\/wp\/v2\/pages\/15"}],"collection":[{"href":"https:\/\/eurobauerholding.com\/cz\/wp-json\/wp\/v2\/pages"}],"about":[{"href":"https:\/\/eurobauerholding.com\/cz\/wp-json\/wp\/v2\/types\/page"}],"author":[{"embeddable":true,"href":"https:\/\/eurobauerholding.com\/cz\/wp-json\/wp\/v2\/users\/1"}],"replies":[{"embeddable":true,"href":"https:\/\/eurobauerholding.com\/cz\/wp-json\/wp\/v2\/comments?post=15"}],"version-history":[{"count":5,"href":"https:\/\/eurobauerholding.com\/cz\/wp-json\/wp\/v2\/pages\/15\/revisions"}],"predecessor-version":[{"id":259132,"href":"https:\/\/eurobauerholding.com\/cz\/wp-json\/wp\/v2\/pages\/15\/revisions\/259132"}],"wp:attachment":[{"href":"https:\/\/eurobauerholding.com\/cz\/wp-json\/wp\/v2\/media?parent=15"}],"curies":[{"name":"wp","href":"https:\/\/api.w.org\/{rel}","templated":true}]}}