{"id":13,"date":"2022-02-01T11:27:51","date_gmt":"2022-02-01T10:27:51","guid":{"rendered":"https:\/\/eurobauerholding.com\/cz\/?page_id=13"},"modified":"2024-11-12T11:05:09","modified_gmt":"2024-11-12T10:05:09","slug":"spolecnosti","status":"publish","type":"page","link":"https:\/\/eurobauerholding.com\/cz\/spolecnosti\/","title":{"rendered":"Spole\u010dnosti"},"content":{"rendered":"<p>[et_pb_section fb_built=&#8220;1&#8243; _builder_version=&#8220;4.20.2&#8243; _module_preset=&#8220;default&#8220; custom_margin=&#8220;147px||||false|false&#8220; custom_padding=&#8220;15px|||||&#8220; global_colors_info=&#8220;{}&#8220;][et_pb_row _builder_version=&#8220;4.16&#8243; _module_preset=&#8220;default&#8220; width=&#8220;90%&#8220; global_colors_info=&#8220;{}&#8220;][et_pb_column type=&#8220;4_4&#8243; _builder_version=&#8220;4.16&#8243; _module_preset=&#8220;default&#8220; global_colors_info=&#8220;{}&#8220;][et_pb_text _builder_version=&#8220;4.16&#8243; _module_preset=&#8220;default&#8220; header_font=&#8220;Raleway|800||on|||||&#8220; header_text_align=&#8220;center&#8220; header_text_color=&#8220;#000000&#8243; header_font_size=&#8220;37px&#8220; header_letter_spacing=&#8220;2px&#8220; header_line_height=&#8220;1.2em&#8220; global_colors_info=&#8220;{}&#8220;]<\/p>\n<h1>SPOLE\u010cNOSTI<\/h1>\n<p>[\/et_pb_text][et_pb_image src=&#8220;https:\/\/eurobauerholding.com\/cz\/wp-content\/uploads\/2022\/02\/ciara-2.png&#8220; title_text=&#8220;\u010diara-2&#8243; align=&#8220;center&#8220; _builder_version=&#8220;4.16&#8243; _module_preset=&#8220;default&#8220; global_colors_info=&#8220;{}&#8220;][\/et_pb_image][\/et_pb_column][\/et_pb_row][et_pb_row column_structure=&#8220;1_4,1_4,1_4,1_4&#8243; _builder_version=&#8220;4.16&#8243; _module_preset=&#8220;default&#8220; max_width=&#8220;1502px&#8220; global_colors_info=&#8220;{}&#8220;][et_pb_column type=&#8220;1_4&#8243; _builder_version=&#8220;4.16&#8243; _module_preset=&#8220;default&#8220; global_colors_info=&#8220;{}&#8220;][et_pb_blurb title=&#8220;Euro Bauer s.r.o.&#8220; image=&#8220;https:\/\/eurobauerholding.com\/cz\/wp-content\/uploads\/2023\/03\/eurobauer.jpg&#8220; _builder_version=&#8220;4.20.2&#8243; _module_preset=&#8220;default&#8220; header_font=&#8220;Raleway|700|||||||&#8220; body_font=&#8220;Raleway||||||||&#8220; body_text_align=&#8220;center&#8220; body_letter_spacing=&#8220;1px&#8220; text_orientation=&#8220;center&#8220; global_colors_info=&#8220;{}&#8220;]<\/p>\n<p>Euro Bauer s.r.o. je developersk\u00e1 spole\u010dnost zast\u0159e\u0161uj\u00edc\u00ed projekty p\u016fsob\u00edc\u00ed v nemovitostn\u00edm a realitn\u00edm segmentu. Spole\u010dnost je p\u016fsob\u00edc\u00ed na \u00fazem\u00ed Slovensk\u00e9 republiky.<\/p>\n<p><span style=\"color: #800080;\"><strong><a href=\"http:\/\/www.eurobauer.sk\" target=\"_blank\" rel=\"noopener\" style=\"color: #800080;\">www.eurobauer.sk<\/a><\/strong><\/span><\/p>\n<p>[\/et_pb_blurb][et_pb_divider color=&#8220;#d5b16f&#8220; divider_weight=&#8220;2px&#8220; _builder_version=&#8220;4.16&#8243; _module_preset=&#8220;default&#8220; width=&#8220;18%&#8220; module_alignment=&#8220;center&#8220; global_colors_info=&#8220;{}&#8220;][\/et_pb_divider][\/et_pb_column][et_pb_column type=&#8220;1_4&#8243; _builder_version=&#8220;4.16&#8243; _module_preset=&#8220;default&#8220; global_colors_info=&#8220;{}&#8220;][et_pb_blurb title=&#8220;Euro Bauer Development s.r.o.&#8220; image=&#8220;https:\/\/eurobauerholding.com\/cz\/wp-content\/uploads\/2023\/03\/logo-erewtrwret.jpg&#8220; _builder_version=&#8220;4.20.2&#8243; _module_preset=&#8220;default&#8220; header_font=&#8220;Raleway|700|||||||&#8220; body_font=&#8220;Raleway||||||||&#8220; body_text_align=&#8220;center&#8220; body_letter_spacing=&#8220;1px&#8220; text_orientation=&#8220;center&#8220; global_colors_info=&#8220;{}&#8220;]Euro Bauer Development s.r.o. je spole\u010dnost zast\u0159e\u0161uj\u00edc\u00ed nemovitosti pat\u0159\u00edc\u00ed do portfolia spole\u010dnosti, kter\u00e9 spole\u010dnost spravuje a pronaj\u00edm\u00e1. Spole\u010dnost je p\u016fsob\u00edc\u00ed na \u00fazem\u00ed Slovensk\u00e9 republiky.<br \/>\n<span style=\"color: #800080;\"><strong><a href=\"http:\/\/www.ebdevelopment.sk\" target=\"_blank\" rel=\"noopener\" style=\"color: #800080;\">www.ebdevelopment.sk<\/a><\/strong><\/span>[\/et_pb_blurb][et_pb_divider color=&#8220;#d5b16f&#8220; divider_weight=&#8220;2px&#8220; _builder_version=&#8220;4.16&#8243; _module_preset=&#8220;default&#8220; width=&#8220;18%&#8220; module_alignment=&#8220;center&#8220; global_colors_info=&#8220;{}&#8220;][\/et_pb_divider][\/et_pb_column][et_pb_column type=&#8220;1_4&#8243; _builder_version=&#8220;4.16&#8243; _module_preset=&#8220;default&#8220; global_colors_info=&#8220;{}&#8220;][et_pb_blurb title=&#8220;Euro Bauer Real Estate s.r.o.&#8220; image=&#8220;https:\/\/eurobauerholding.com\/cz\/wp-content\/uploads\/2023\/10\/Untitled-2.png&#8220; _builder_version=&#8220;4.20.2&#8243; _module_preset=&#8220;default&#8220; header_font=&#8220;Raleway|700|||||||&#8220; body_font=&#8220;Raleway||||||||&#8220; body_text_align=&#8220;center&#8220; body_letter_spacing=&#8220;1px&#8220; text_orientation=&#8220;center&#8220; global_colors_info=&#8220;{}&#8220;]<\/p>\n<p>Euro Bauer Real Estate s.r.o. je spole\u010dnost zast\u0159e\u0161uj\u00edc\u00ed vytv\u00e1\u0159en\u00ed nov\u00fdch projekt\u016f a n\u00e1sledn\u011b prodej t\u011bchto projekt\u016f kone\u010dn\u00e9mu z\u00e1kazn\u00edkovi. Spole\u010dnost je p\u016fsob\u00edc\u00ed na \u00fazem\u00ed Slovensk\u00e9 republiky.<\/p>\n<p>[\/et_pb_blurb][et_pb_divider color=&#8220;#d5b16f&#8220; divider_weight=&#8220;2px&#8220; _builder_version=&#8220;4.16&#8243; _module_preset=&#8220;default&#8220; width=&#8220;18%&#8220; module_alignment=&#8220;center&#8220; global_colors_info=&#8220;{}&#8220;][\/et_pb_divider][\/et_pb_column][et_pb_column type=&#8220;1_4&#8243; _builder_version=&#8220;4.16&#8243; _module_preset=&#8220;default&#8220; global_colors_info=&#8220;{}&#8220;][et_pb_blurb title=&#8220;Euro Bauer j.d.o.o.&#8220; image=&#8220;https:\/\/eurobauerholding.com\/cz\/wp-content\/uploads\/2023\/10\/logo-croatia.png&#8220; _builder_version=&#8220;4.20.2&#8243; _module_preset=&#8220;default&#8220; header_font=&#8220;Raleway|700|||||||&#8220; body_font=&#8220;Raleway||||||||&#8220; body_text_align=&#8220;center&#8220; body_letter_spacing=&#8220;1px&#8220; text_orientation=&#8220;center&#8220; global_colors_info=&#8220;{}&#8220;]<\/p>\n<p>je developersk\u00e1 spole\u010dnost zast\u0159e\u0161uj\u00edc\u00ed projekty p\u016fsob\u00edc\u00ed v nemovitostn\u00edm a realitn\u00edm segmentu. Spole\u010dnost je p\u016fsob\u00edc\u00ed na \u00fazem\u00ed Chorvatsk\u00e9 republiky.<br \/><span style=\"color: #800080;\"><strong><a href=\"http:\/\/www.eurobauer.hr\" target=\"_blank\" rel=\"noopener\" style=\"color: #800080;\">www.eurobauer.com<\/a><\/strong><\/span><\/p>\n<p>[\/et_pb_blurb][et_pb_divider color=&#8220;#d5b16f&#8220; divider_weight=&#8220;2px&#8220; _builder_version=&#8220;4.16&#8243; _module_preset=&#8220;default&#8220; width=&#8220;18%&#8220; module_alignment=&#8220;center&#8220; global_colors_info=&#8220;{}&#8220;][\/et_pb_divider][\/et_pb_column][\/et_pb_row][\/et_pb_section]<\/p>\n","protected":false},"excerpt":{"rendered":"<p>SPOLE\u010cNOSTIEuro Bauer s.r.o. je developersk\u00e1 spole\u010dnost zast\u0159e\u0161uj\u00edc\u00ed projekty p\u016fsob\u00edc\u00ed v nemovitostn\u00edm a realitn\u00edm segmentu. Spole\u010dnost je p\u016fsob\u00edc\u00ed na \u00fazem\u00ed Slovensk\u00e9 republiky. www.eurobauer.skEuro Bauer Development s.r.o. je spole\u010dnost zast\u0159e\u0161uj\u00edc\u00ed nemovitosti pat\u0159\u00edc\u00ed do portfolia spole\u010dnosti, kter\u00e9 spole\u010dnost spravuje a pronaj\u00edm\u00e1. Spole\u010dnost je p\u016fsob\u00edc\u00ed na \u00fazem\u00ed Slovensk\u00e9 republiky. www.ebdevelopment.skEuro Bauer Real Estate s.r.o. je spole\u010dnost zast\u0159e\u0161uj\u00edc\u00ed vytv\u00e1\u0159en\u00ed nov\u00fdch [&hellip;]<\/p>\n","protected":false},"author":1,"featured_media":0,"parent":0,"menu_order":0,"comment_status":"closed","ping_status":"closed","template":"","meta":{"_et_pb_use_builder":"on","_et_pb_old_content":"<!-- wp:divi\/placeholder \/-->","_et_gb_content_width":"","_mi_skip_tracking":false},"yoast_head":"<!-- This site is optimized with the Yoast SEO plugin v18.0 - https:\/\/yoast.com\/wordpress\/plugins\/seo\/ -->\n<title>Spole\u010dnosti - Euro Bauer Holding<\/title>\n<meta name=\"robots\" content=\"index, follow, max-snippet:-1, max-image-preview:large, max-video-preview:-1\" \/>\n<link rel=\"canonical\" href=\"https:\/\/eurobauerholding.com\/cz\/spolecnosti\/\" \/>\n<meta property=\"og:locale\" content=\"sk_SK\" \/>\n<meta property=\"og:type\" content=\"article\" \/>\n<meta property=\"og:title\" content=\"Spole\u010dnosti - Euro Bauer Holding\" \/>\n<meta property=\"og:description\" content=\"SPOLE\u010cNOSTIEuro Bauer s.r.o. je developersk\u00e1 spole\u010dnost zast\u0159e\u0161uj\u00edc\u00ed projekty p\u016fsob\u00edc\u00ed v nemovitostn\u00edm a realitn\u00edm segmentu. Spole\u010dnost je p\u016fsob\u00edc\u00ed na \u00fazem\u00ed Slovensk\u00e9 republiky. www.eurobauer.skEuro Bauer Development s.r.o. je spole\u010dnost zast\u0159e\u0161uj\u00edc\u00ed nemovitosti pat\u0159\u00edc\u00ed do portfolia spole\u010dnosti, kter\u00e9 spole\u010dnost spravuje a pronaj\u00edm\u00e1. Spole\u010dnost je p\u016fsob\u00edc\u00ed na \u00fazem\u00ed Slovensk\u00e9 republiky. www.ebdevelopment.skEuro Bauer Real Estate s.r.o. je spole\u010dnost zast\u0159e\u0161uj\u00edc\u00ed vytv\u00e1\u0159en\u00ed nov\u00fdch [&hellip;]\" \/>\n<meta property=\"og:url\" content=\"https:\/\/eurobauerholding.com\/cz\/spolecnosti\/\" \/>\n<meta property=\"og:site_name\" content=\"Euro Bauer Holding\" \/>\n<meta property=\"article:modified_time\" content=\"2024-11-12T10:05:09+00:00\" \/>\n<meta name=\"twitter:card\" content=\"summary_large_image\" \/>\n<meta name=\"twitter:label1\" content=\"Predpokladan\u00fd \u010das \u010d\u00edtania\" \/>\n\t<meta name=\"twitter:data1\" content=\"1 min\u00fata\" \/>\n<script type=\"application\/ld+json\" class=\"yoast-schema-graph\">{\"@context\":\"https:\/\/schema.org\",\"@graph\":[{\"@type\":\"WebSite\",\"@id\":\"https:\/\/eurobauerholding.com\/cz\/#website\",\"url\":\"https:\/\/eurobauerholding.com\/cz\/\",\"name\":\"Euro Bauer Holding\",\"description\":\"Len \u010fal\u0161ia WordPress str\u00e1nka\",\"potentialAction\":[{\"@type\":\"SearchAction\",\"target\":{\"@type\":\"EntryPoint\",\"urlTemplate\":\"https:\/\/eurobauerholding.com\/cz\/?s={search_term_string}\"},\"query-input\":\"required name=search_term_string\"}],\"inLanguage\":\"sk-SK\"},{\"@type\":\"WebPage\",\"@id\":\"https:\/\/eurobauerholding.com\/cz\/spolecnosti\/#webpage\",\"url\":\"https:\/\/eurobauerholding.com\/cz\/spolecnosti\/\",\"name\":\"Spole\u010dnosti - Euro Bauer Holding\",\"isPartOf\":{\"@id\":\"https:\/\/eurobauerholding.com\/cz\/#website\"},\"datePublished\":\"2022-02-01T10:27:51+00:00\",\"dateModified\":\"2024-11-12T10:05:09+00:00\",\"breadcrumb\":{\"@id\":\"https:\/\/eurobauerholding.com\/cz\/spolecnosti\/#breadcrumb\"},\"inLanguage\":\"sk-SK\",\"potentialAction\":[{\"@type\":\"ReadAction\",\"target\":[\"https:\/\/eurobauerholding.com\/cz\/spolecnosti\/\"]}]},{\"@type\":\"BreadcrumbList\",\"@id\":\"https:\/\/eurobauerholding.com\/cz\/spolecnosti\/#breadcrumb\",\"itemListElement\":[{\"@type\":\"ListItem\",\"position\":1,\"name\":\"Home\",\"item\":\"https:\/\/eurobauerholding.com\/cz\/\"},{\"@type\":\"ListItem\",\"position\":2,\"name\":\"Spole\u010dnosti\"}]}]}<\/script>\n<!-- \/ Yoast SEO plugin. -->","yoast_head_json":{"title":"Spole\u010dnosti - Euro Bauer Holding","robots":{"index":"index","follow":"follow","max-snippet":"max-snippet:-1","max-image-preview":"max-image-preview:large","max-video-preview":"max-video-preview:-1"},"canonical":"https:\/\/eurobauerholding.com\/cz\/spolecnosti\/","og_locale":"sk_SK","og_type":"article","og_title":"Spole\u010dnosti - Euro Bauer Holding","og_description":"SPOLE\u010cNOSTIEuro Bauer s.r.o. je developersk\u00e1 spole\u010dnost zast\u0159e\u0161uj\u00edc\u00ed projekty p\u016fsob\u00edc\u00ed v nemovitostn\u00edm a realitn\u00edm segmentu. Spole\u010dnost je p\u016fsob\u00edc\u00ed na \u00fazem\u00ed Slovensk\u00e9 republiky. www.eurobauer.skEuro Bauer Development s.r.o. je spole\u010dnost zast\u0159e\u0161uj\u00edc\u00ed nemovitosti pat\u0159\u00edc\u00ed do portfolia spole\u010dnosti, kter\u00e9 spole\u010dnost spravuje a pronaj\u00edm\u00e1. Spole\u010dnost je p\u016fsob\u00edc\u00ed na \u00fazem\u00ed Slovensk\u00e9 republiky. www.ebdevelopment.skEuro Bauer Real Estate s.r.o. je spole\u010dnost zast\u0159e\u0161uj\u00edc\u00ed vytv\u00e1\u0159en\u00ed nov\u00fdch [&hellip;]","og_url":"https:\/\/eurobauerholding.com\/cz\/spolecnosti\/","og_site_name":"Euro Bauer Holding","article_modified_time":"2024-11-12T10:05:09+00:00","twitter_card":"summary_large_image","twitter_misc":{"Predpokladan\u00fd \u010das \u010d\u00edtania":"1 min\u00fata"},"schema":{"@context":"https:\/\/schema.org","@graph":[{"@type":"WebSite","@id":"https:\/\/eurobauerholding.com\/cz\/#website","url":"https:\/\/eurobauerholding.com\/cz\/","name":"Euro Bauer Holding","description":"Len \u010fal\u0161ia WordPress str\u00e1nka","potentialAction":[{"@type":"SearchAction","target":{"@type":"EntryPoint","urlTemplate":"https:\/\/eurobauerholding.com\/cz\/?s={search_term_string}"},"query-input":"required name=search_term_string"}],"inLanguage":"sk-SK"},{"@type":"WebPage","@id":"https:\/\/eurobauerholding.com\/cz\/spolecnosti\/#webpage","url":"https:\/\/eurobauerholding.com\/cz\/spolecnosti\/","name":"Spole\u010dnosti - Euro Bauer Holding","isPartOf":{"@id":"https:\/\/eurobauerholding.com\/cz\/#website"},"datePublished":"2022-02-01T10:27:51+00:00","dateModified":"2024-11-12T10:05:09+00:00","breadcrumb":{"@id":"https:\/\/eurobauerholding.com\/cz\/spolecnosti\/#breadcrumb"},"inLanguage":"sk-SK","potentialAction":[{"@type":"ReadAction","target":["https:\/\/eurobauerholding.com\/cz\/spolecnosti\/"]}]},{"@type":"BreadcrumbList","@id":"https:\/\/eurobauerholding.com\/cz\/spolecnosti\/#breadcrumb","itemListElement":[{"@type":"ListItem","position":1,"name":"Home","item":"https:\/\/eurobauerholding.com\/cz\/"},{"@type":"ListItem","position":2,"name":"Spole\u010dnosti"}]}]}},"_links":{"self":[{"href":"https:\/\/eurobauerholding.com\/cz\/wp-json\/wp\/v2\/pages\/13"}],"collection":[{"href":"https:\/\/eurobauerholding.com\/cz\/wp-json\/wp\/v2\/pages"}],"about":[{"href":"https:\/\/eurobauerholding.com\/cz\/wp-json\/wp\/v2\/types\/page"}],"author":[{"embeddable":true,"href":"https:\/\/eurobauerholding.com\/cz\/wp-json\/wp\/v2\/users\/1"}],"replies":[{"embeddable":true,"href":"https:\/\/eurobauerholding.com\/cz\/wp-json\/wp\/v2\/comments?post=13"}],"version-history":[{"count":6,"href":"https:\/\/eurobauerholding.com\/cz\/wp-json\/wp\/v2\/pages\/13\/revisions"}],"predecessor-version":[{"id":259149,"href":"https:\/\/eurobauerholding.com\/cz\/wp-json\/wp\/v2\/pages\/13\/revisions\/259149"}],"wp:attachment":[{"href":"https:\/\/eurobauerholding.com\/cz\/wp-json\/wp\/v2\/media?parent=13"}],"curies":[{"name":"wp","href":"https:\/\/api.w.org\/{rel}","templated":true}]}}